{"id":8798,"date":"2017-11-29T17:12:34","date_gmt":"2017-11-29T17:12:34","guid":{"rendered":"http:\/\/box5735.temp.domains\/~infectj5\/enfermedades-que-tratamos\/syphilis\/"},"modified":"2021-12-22T18:46:49","modified_gmt":"2021-12-22T18:46:49","slug":"sifilis","status":"publish","type":"page","link":"https:\/\/infectionsmanaged.org\/es\/enfermedades-que-tratamos\/sifilis\/","title":{"rendered":"S\u00edfilis"},"content":{"rendered":"\t\t<div data-elementor-type=\"wp-page\" data-elementor-id=\"8798\" class=\"elementor elementor-8798\" data-elementor-post-type=\"page\">\n\t\t\t\t\t\t<section class=\"elementor-section elementor-top-section elementor-element elementor-element-dd90391 elementor-section-boxed elementor-section-height-default elementor-section-height-default\" data-id=\"dd90391\" data-element_type=\"section\">\n\t\t\t\t\t\t<div class=\"elementor-container elementor-column-gap-default\">\n\t\t\t\t\t<div class=\"elementor-column elementor-col-100 elementor-top-column elementor-element elementor-element-4235d25\" data-id=\"4235d25\" data-element_type=\"column\">\n\t\t\t<div class=\"elementor-widget-wrap elementor-element-populated\">\n\t\t\t\t\t\t<div class=\"elementor-element elementor-element-ed89e83 elementor-widget elementor-widget-heading\" data-id=\"ed89e83\" data-element_type=\"widget\" data-widget_type=\"heading.default\">\n\t\t\t\t<div class=\"elementor-widget-container\">\n\t\t\t\t\t<h2 class=\"elementor-heading-title elementor-size-default\">S\u00edfilis<\/h2>\t\t\t\t<\/div>\n\t\t\t\t<\/div>\n\t\t\t\t<div class=\"elementor-element elementor-element-81240cb elementor-widget-divider--view-line elementor-widget elementor-widget-divider\" data-id=\"81240cb\" data-element_type=\"widget\" data-widget_type=\"divider.default\">\n\t\t\t\t<div class=\"elementor-widget-container\">\n\t\t\t\t\t\t\t<div class=\"elementor-divider\">\n\t\t\t<span class=\"elementor-divider-separator\">\n\t\t\t\t\t\t<\/span>\n\t\t<\/div>\n\t\t\t\t\t\t<\/div>\n\t\t\t\t<\/div>\n\t\t\t\t<div class=\"elementor-element elementor-element-6d9b001 elementor-widget elementor-widget-text-editor\" data-id=\"6d9b001\" data-element_type=\"widget\" data-widget_type=\"text-editor.default\">\n\t\t\t\t<div class=\"elementor-widget-container\">\n\t\t\t\t\t\t\t\t\t<div class=\"row \"><div id=\"wpv-column-3dd122a30cc621f26045122030008a21\" class=\"wpv-grid grid-1-1 first unextended animation-from-left animated-active animation-ended\"><h3>Qu\u00e9 es S\u00edfilis ?<\/h3><p><a href=\"https:\/\/infectionsmanaged.org\/wp-content\/uploads\/2018\/01\/syphilis.jpg\"><img fetchpriority=\"high\" decoding=\"async\" class=\"size-medium wp-image-8631 alignright\" src=\"https:\/\/infectionsmanaged.org\/wp-content\/uploads\/2018\/01\/syphilis-300x178.jpg\" sizes=\"(max-width: 300px) 100vw, 300px\" srcset=\"https:\/\/infectionsmanaged.org\/wp-content\/uploads\/2018\/01\/syphilis-300x178.jpg 300w, https:\/\/infectionsmanaged.org\/wp-content\/uploads\/2018\/01\/syphilis-555x329.jpg 555w, https:\/\/infectionsmanaged.org\/wp-content\/uploads\/2018\/01\/syphilis-360x214.jpg 360w, https:\/\/infectionsmanaged.org\/wp-content\/uploads\/2018\/01\/syphilis-262x155.jpg 262w, https:\/\/infectionsmanaged.org\/wp-content\/uploads\/2018\/01\/syphilis.jpg 590w\" alt=\"sypnillis\" width=\"300\" height=\"178\" \/><\/a>Por qu\u00e9 es importante: <strong>porque vivimos en el sur de la Florida<\/strong><\/p><p>En 2013, Miami fue 5\u00ba a nivel nacional, Broward fue 13\u00ba en la naci\u00f3n y Palm Beach County 46\u00ba en la naci\u00f3n por los casos reportados de s\u00edfilis.<\/p><p>Los s\u00edntomas de s\u00edfilis var\u00edan dependiendo de en cu\u00e1l de las 3 etapas se encuentra el individuo. Durante la etapa primaria, generalmente aparece una \u00falcera indolora en los genitales. Esto se llama chancro. Durante la etapa secundaria, aparece una erupci\u00f3n difusa en el tronco del cuerpo, las palmas y las plantas. Durante la tercera etapa de la infecci\u00f3n, los individuos comienzan a experimentar una disfunci\u00f3n neurol\u00f3gica que incluye p\u00e9rdida de equilibrio, p\u00e9rdida de la coordinaci\u00f3n, p\u00e9rdida de la visi\u00f3n y cambio en la personalidad.<\/p><\/div><\/div><div class=\"row \"><div id=\"wpv-column-2a2594b0f8fe60b0485c600210663921\" class=\"wpv-grid grid-1-1 first unextended animation-from-right animated-active animation-ended\"><h2>Qui\u00e9n deber\u00eda testearse?<\/h2><ul class=\"styled-list  icon-accent2\"><li class=\" icon-b \" data-icon=\"\ue2d3\">Individuos con signos o s\u00edntomas de infecci\u00f3n.<\/li><li class=\" icon-b \" data-icon=\"\ue2d3\">Mujeres embarazadas: la transmisi\u00f3n al feto causa abortos espont\u00e1neos, nacimientos tranquilos y m\u00faltiples defectos de nacimiento. Si no se trata, el beb\u00e9 puede quedar con p\u00e9rdida permanente de visi\u00f3n y audici\u00f3n.<\/li><li class=\" icon-b \" data-icon=\"\ue2d3\">Individuos que son de alto riesgo. Parejas que tienen s\u00edfilis, HSH, otras ITS (VIH), que tengan m\u00faltiples parejas sexuales.<\/li><\/ul><p>La evaluaci\u00f3n se puede hacer con un simple an\u00e1lisis de sangre.<\/p><\/div><\/div>\t\t\t\t\t\t\t\t<\/div>\n\t\t\t\t<\/div>\n\t\t\t\t<div class=\"elementor-element elementor-element-50520bd elementor-widget elementor-widget-button\" data-id=\"50520bd\" data-element_type=\"widget\" data-widget_type=\"button.default\">\n\t\t\t\t<div class=\"elementor-widget-container\">\n\t\t\t\t\t\t\t\t\t<div class=\"elementor-button-wrapper\">\n\t\t\t\t\t<a class=\"elementor-button elementor-button-link elementor-size-sm\" href=\"https:\/\/infectionsmanaged.org\/schedule-an-appointment\/\">\n\t\t\t\t\t\t<span class=\"elementor-button-content-wrapper\">\n\t\t\t\t\t\t\t\t\t<span class=\"elementor-button-text\">Agende una cita<\/span>\n\t\t\t\t\t<\/span>\n\t\t\t\t\t<\/a>\n\t\t\t\t<\/div>\n\t\t\t\t\t\t\t\t<\/div>\n\t\t\t\t<\/div>\n\t\t\t\t\t<\/div>\n\t\t<\/div>\n\t\t\t\t\t<\/div>\n\t\t<\/section>\n\t\t\t\t<\/div>\n\t\t","protected":false},"excerpt":{"rendered":"<p>S\u00edfilis Qu\u00e9 es S\u00edfilis ? Por qu\u00e9 es importante: porque vivimos en el sur de la Florida En 2013, Miami fue 5\u00ba a nivel nacional, Broward fue 13\u00ba en la naci\u00f3n y Palm Beach County 46\u00ba en la naci\u00f3n por los casos reportados de s\u00edfilis. Los s\u00edntomas de s\u00edfilis var\u00edan dependiendo de en cu\u00e1l de [&hellip;]<\/p>\n","protected":false},"author":3,"featured_media":0,"parent":8718,"menu_order":1,"comment_status":"closed","ping_status":"closed","template":"","meta":{"footnotes":""},"class_list":["post-8798","page","type-page","status-publish","hentry"],"yoast_head":"<!-- This site is optimized with the Yoast SEO plugin v26.9 - https:\/\/yoast.com\/product\/yoast-seo-wordpress\/ -->\n<title>S\u00edfilis tratamiento en South Florida | Infections Managed<\/title>\n<meta name=\"robots\" content=\"index, follow, max-snippet:-1, max-image-preview:large, max-video-preview:-1\" \/>\n<link rel=\"canonical\" href=\"https:\/\/infectionsmanaged.org\/es\/enfermedades-que-tratamos\/sifilis\/\" \/>\n<meta property=\"og:locale\" content=\"es_ES\" \/>\n<meta property=\"og:type\" content=\"article\" \/>\n<meta property=\"og:title\" content=\"Syphilis Treatment in South Florida | Infections Managed\" \/>\n<meta property=\"og:description\" content=\"Syphilis: What Is It? What causes you to get it? Is it Curable? What Are the Symptoms? Diagnosis, Treatment and Prevention. Infections Managed \u260e\ufe0f (954) 776-9992\" \/>\n<meta property=\"og:url\" content=\"https:\/\/infectionsmanaged.org\/es\/enfermedades-que-tratamos\/sifilis\/\" \/>\n<meta property=\"og:site_name\" content=\"Infections Managed\" \/>\n<meta property=\"article:publisher\" content=\"https:\/\/www.facebook.com\/infectionsmanaged\/\" \/>\n<meta property=\"article:modified_time\" content=\"2021-12-22T18:46:49+00:00\" \/>\n<meta name=\"twitter:card\" content=\"summary_large_image\" \/>\n<meta name=\"twitter:image\" content=\"https:\/\/infectionsmanaged.org\/wp-content\/uploads\/2018\/01\/syphilis-300x178.jpg\" \/>\n<meta name=\"twitter:label1\" content=\"Tiempo de lectura\" \/>\n\t<meta name=\"twitter:data1\" content=\"2 minutos\" \/>\n<script type=\"application\/ld+json\" class=\"yoast-schema-graph\">{\"@context\":\"https:\/\/schema.org\",\"@graph\":[{\"@type\":\"WebPage\",\"@id\":\"https:\/\/infectionsmanaged.org\/es\/enfermedades-que-tratamos\/sifilis\/\",\"url\":\"https:\/\/infectionsmanaged.org\/es\/enfermedades-que-tratamos\/sifilis\/\",\"name\":\"S\u00edfilis tratamiento en South Florida | Infections Managed\",\"isPartOf\":{\"@id\":\"https:\/\/infectionsmanaged.org\/#website\"},\"primaryImageOfPage\":{\"@id\":\"https:\/\/infectionsmanaged.org\/es\/enfermedades-que-tratamos\/sifilis\/#primaryimage\"},\"image\":{\"@id\":\"https:\/\/infectionsmanaged.org\/es\/enfermedades-que-tratamos\/sifilis\/#primaryimage\"},\"thumbnailUrl\":\"https:\/\/infectionsmanaged.org\/wp-content\/uploads\/2018\/01\/syphilis-300x178.jpg\",\"datePublished\":\"2017-11-29T17:12:34+00:00\",\"dateModified\":\"2021-12-22T18:46:49+00:00\",\"breadcrumb\":{\"@id\":\"https:\/\/infectionsmanaged.org\/es\/enfermedades-que-tratamos\/sifilis\/#breadcrumb\"},\"inLanguage\":\"es\",\"potentialAction\":[{\"@type\":\"ReadAction\",\"target\":[\"https:\/\/infectionsmanaged.org\/es\/enfermedades-que-tratamos\/sifilis\/\"]}]},{\"@type\":\"ImageObject\",\"inLanguage\":\"es\",\"@id\":\"https:\/\/infectionsmanaged.org\/es\/enfermedades-que-tratamos\/sifilis\/#primaryimage\",\"url\":\"https:\/\/infectionsmanaged.org\/wp-content\/uploads\/2018\/01\/syphilis-300x178.jpg\",\"contentUrl\":\"https:\/\/infectionsmanaged.org\/wp-content\/uploads\/2018\/01\/syphilis-300x178.jpg\"},{\"@type\":\"BreadcrumbList\",\"@id\":\"https:\/\/infectionsmanaged.org\/es\/enfermedades-que-tratamos\/sifilis\/#breadcrumb\",\"itemListElement\":[{\"@type\":\"ListItem\",\"position\":1,\"name\":\"Home\",\"item\":\"https:\/\/infectionsmanaged.org\/es\/\"},{\"@type\":\"ListItem\",\"position\":2,\"name\":\"Enfermedades \/ Condiciones que tratamos\",\"item\":\"https:\/\/infectionsmanaged.org\/es\/enfermedades-que-tratamos\/\"},{\"@type\":\"ListItem\",\"position\":3,\"name\":\"S\u00edfilis\"}]},{\"@type\":\"WebSite\",\"@id\":\"https:\/\/infectionsmanaged.org\/#website\",\"url\":\"https:\/\/infectionsmanaged.org\/\",\"name\":\"Infections Managed\",\"description\":\"\",\"publisher\":{\"@id\":\"https:\/\/infectionsmanaged.org\/#organization\"},\"potentialAction\":[{\"@type\":\"SearchAction\",\"target\":{\"@type\":\"EntryPoint\",\"urlTemplate\":\"https:\/\/infectionsmanaged.org\/?s={search_term_string}\"},\"query-input\":{\"@type\":\"PropertyValueSpecification\",\"valueRequired\":true,\"valueName\":\"search_term_string\"}}],\"inLanguage\":\"es\"},{\"@type\":\"Organization\",\"@id\":\"https:\/\/infectionsmanaged.org\/#organization\",\"name\":\"Infections Managed\",\"url\":\"https:\/\/infectionsmanaged.org\/\",\"logo\":{\"@type\":\"ImageObject\",\"inLanguage\":\"es\",\"@id\":\"https:\/\/infectionsmanaged.org\/#\/schema\/logo\/image\/\",\"url\":\"https:\/\/infectionsmanaged.org\/wp-content\/uploads\/2017\/08\/logo-transp4.png\",\"contentUrl\":\"https:\/\/infectionsmanaged.org\/wp-content\/uploads\/2017\/08\/logo-transp4.png\",\"width\":450,\"height\":180,\"caption\":\"Infections Managed\"},\"image\":{\"@id\":\"https:\/\/infectionsmanaged.org\/#\/schema\/logo\/image\/\"},\"sameAs\":[\"https:\/\/www.facebook.com\/infectionsmanaged\/\",\"https:\/\/www.instagram.com\/drstephenrenae\/\",\"https:\/\/www.linkedin.com\/company\/infections-managed.-inc.\/\"]}]}<\/script>\n<!-- \/ Yoast SEO plugin. -->","yoast_head_json":{"title":"S\u00edfilis tratamiento en South Florida | Infections Managed","robots":{"index":"index","follow":"follow","max-snippet":"max-snippet:-1","max-image-preview":"max-image-preview:large","max-video-preview":"max-video-preview:-1"},"canonical":"https:\/\/infectionsmanaged.org\/es\/enfermedades-que-tratamos\/sifilis\/","og_locale":"es_ES","og_type":"article","og_title":"Syphilis Treatment in South Florida | Infections Managed","og_description":"Syphilis: What Is It? What causes you to get it? Is it Curable? What Are the Symptoms? Diagnosis, Treatment and Prevention. Infections Managed \u260e\ufe0f (954) 776-9992","og_url":"https:\/\/infectionsmanaged.org\/es\/enfermedades-que-tratamos\/sifilis\/","og_site_name":"Infections Managed","article_publisher":"https:\/\/www.facebook.com\/infectionsmanaged\/","article_modified_time":"2021-12-22T18:46:49+00:00","twitter_card":"summary_large_image","twitter_image":"https:\/\/infectionsmanaged.org\/wp-content\/uploads\/2018\/01\/syphilis-300x178.jpg","twitter_misc":{"Tiempo de lectura":"2 minutos"},"schema":{"@context":"https:\/\/schema.org","@graph":[{"@type":"WebPage","@id":"https:\/\/infectionsmanaged.org\/es\/enfermedades-que-tratamos\/sifilis\/","url":"https:\/\/infectionsmanaged.org\/es\/enfermedades-que-tratamos\/sifilis\/","name":"S\u00edfilis tratamiento en South Florida | Infections Managed","isPartOf":{"@id":"https:\/\/infectionsmanaged.org\/#website"},"primaryImageOfPage":{"@id":"https:\/\/infectionsmanaged.org\/es\/enfermedades-que-tratamos\/sifilis\/#primaryimage"},"image":{"@id":"https:\/\/infectionsmanaged.org\/es\/enfermedades-que-tratamos\/sifilis\/#primaryimage"},"thumbnailUrl":"https:\/\/infectionsmanaged.org\/wp-content\/uploads\/2018\/01\/syphilis-300x178.jpg","datePublished":"2017-11-29T17:12:34+00:00","dateModified":"2021-12-22T18:46:49+00:00","breadcrumb":{"@id":"https:\/\/infectionsmanaged.org\/es\/enfermedades-que-tratamos\/sifilis\/#breadcrumb"},"inLanguage":"es","potentialAction":[{"@type":"ReadAction","target":["https:\/\/infectionsmanaged.org\/es\/enfermedades-que-tratamos\/sifilis\/"]}]},{"@type":"ImageObject","inLanguage":"es","@id":"https:\/\/infectionsmanaged.org\/es\/enfermedades-que-tratamos\/sifilis\/#primaryimage","url":"https:\/\/infectionsmanaged.org\/wp-content\/uploads\/2018\/01\/syphilis-300x178.jpg","contentUrl":"https:\/\/infectionsmanaged.org\/wp-content\/uploads\/2018\/01\/syphilis-300x178.jpg"},{"@type":"BreadcrumbList","@id":"https:\/\/infectionsmanaged.org\/es\/enfermedades-que-tratamos\/sifilis\/#breadcrumb","itemListElement":[{"@type":"ListItem","position":1,"name":"Home","item":"https:\/\/infectionsmanaged.org\/es\/"},{"@type":"ListItem","position":2,"name":"Enfermedades \/ Condiciones que tratamos","item":"https:\/\/infectionsmanaged.org\/es\/enfermedades-que-tratamos\/"},{"@type":"ListItem","position":3,"name":"S\u00edfilis"}]},{"@type":"WebSite","@id":"https:\/\/infectionsmanaged.org\/#website","url":"https:\/\/infectionsmanaged.org\/","name":"Infections Managed","description":"","publisher":{"@id":"https:\/\/infectionsmanaged.org\/#organization"},"potentialAction":[{"@type":"SearchAction","target":{"@type":"EntryPoint","urlTemplate":"https:\/\/infectionsmanaged.org\/?s={search_term_string}"},"query-input":{"@type":"PropertyValueSpecification","valueRequired":true,"valueName":"search_term_string"}}],"inLanguage":"es"},{"@type":"Organization","@id":"https:\/\/infectionsmanaged.org\/#organization","name":"Infections Managed","url":"https:\/\/infectionsmanaged.org\/","logo":{"@type":"ImageObject","inLanguage":"es","@id":"https:\/\/infectionsmanaged.org\/#\/schema\/logo\/image\/","url":"https:\/\/infectionsmanaged.org\/wp-content\/uploads\/2017\/08\/logo-transp4.png","contentUrl":"https:\/\/infectionsmanaged.org\/wp-content\/uploads\/2017\/08\/logo-transp4.png","width":450,"height":180,"caption":"Infections Managed"},"image":{"@id":"https:\/\/infectionsmanaged.org\/#\/schema\/logo\/image\/"},"sameAs":["https:\/\/www.facebook.com\/infectionsmanaged\/","https:\/\/www.instagram.com\/drstephenrenae\/","https:\/\/www.linkedin.com\/company\/infections-managed.-inc.\/"]}]}},"_links":{"self":[{"href":"https:\/\/infectionsmanaged.org\/es\/wp-json\/wp\/v2\/pages\/8798","targetHints":{"allow":["GET"]}}],"collection":[{"href":"https:\/\/infectionsmanaged.org\/es\/wp-json\/wp\/v2\/pages"}],"about":[{"href":"https:\/\/infectionsmanaged.org\/es\/wp-json\/wp\/v2\/types\/page"}],"author":[{"embeddable":true,"href":"https:\/\/infectionsmanaged.org\/es\/wp-json\/wp\/v2\/users\/3"}],"replies":[{"embeddable":true,"href":"https:\/\/infectionsmanaged.org\/es\/wp-json\/wp\/v2\/comments?post=8798"}],"version-history":[{"count":0,"href":"https:\/\/infectionsmanaged.org\/es\/wp-json\/wp\/v2\/pages\/8798\/revisions"}],"up":[{"embeddable":true,"href":"https:\/\/infectionsmanaged.org\/es\/wp-json\/wp\/v2\/pages\/8718"}],"wp:attachment":[{"href":"https:\/\/infectionsmanaged.org\/es\/wp-json\/wp\/v2\/media?parent=8798"}],"curies":[{"name":"wp","href":"https:\/\/api.w.org\/{rel}","templated":true}]}}