{"id":8789,"date":"2017-09-11T14:37:44","date_gmt":"2017-09-11T14:37:44","guid":{"rendered":"http:\/\/box5735.temp.domains\/~infectj5\/enfermedades-que-tratamos\/mrsa\/"},"modified":"2021-12-22T18:45:19","modified_gmt":"2021-12-22T18:45:19","slug":"mrsa","status":"publish","type":"page","link":"https:\/\/infectionsmanaged.org\/es\/enfermedades-que-tratamos\/mrsa\/","title":{"rendered":"MRSA"},"content":{"rendered":"\t\t<div data-elementor-type=\"wp-page\" data-elementor-id=\"8789\" class=\"elementor elementor-8789\" data-elementor-post-type=\"page\">\n\t\t\t\t\t\t<section class=\"elementor-section elementor-top-section elementor-element elementor-element-83217d9 elementor-section-boxed elementor-section-height-default elementor-section-height-default\" data-id=\"83217d9\" data-element_type=\"section\">\n\t\t\t\t\t\t<div class=\"elementor-container elementor-column-gap-default\">\n\t\t\t\t\t<div class=\"elementor-column elementor-col-100 elementor-top-column elementor-element elementor-element-0cc0768\" data-id=\"0cc0768\" data-element_type=\"column\">\n\t\t\t<div class=\"elementor-widget-wrap elementor-element-populated\">\n\t\t\t\t\t\t<div class=\"elementor-element elementor-element-b0d2bc6 elementor-widget elementor-widget-heading\" data-id=\"b0d2bc6\" data-element_type=\"widget\" data-widget_type=\"heading.default\">\n\t\t\t\t<div class=\"elementor-widget-container\">\n\t\t\t\t\t<h2 class=\"elementor-heading-title elementor-size-default\">MRSA<\/h2>\t\t\t\t<\/div>\n\t\t\t\t<\/div>\n\t\t\t\t<div class=\"elementor-element elementor-element-ff342a8 elementor-widget-divider--view-line elementor-widget elementor-widget-divider\" data-id=\"ff342a8\" data-element_type=\"widget\" data-widget_type=\"divider.default\">\n\t\t\t\t<div class=\"elementor-widget-container\">\n\t\t\t\t\t\t\t<div class=\"elementor-divider\">\n\t\t\t<span class=\"elementor-divider-separator\">\n\t\t\t\t\t\t<\/span>\n\t\t<\/div>\n\t\t\t\t\t\t<\/div>\n\t\t\t\t<\/div>\n\t\t\t\t<div class=\"elementor-element elementor-element-17551c2 elementor-widget elementor-widget-text-editor\" data-id=\"17551c2\" data-element_type=\"widget\" data-widget_type=\"text-editor.default\">\n\t\t\t\t<div class=\"elementor-widget-container\">\n\t\t\t\t\t\t\t\t\t<h2>Qu\u00e9 es MRSA?<\/h2><h3>(methicillin-resistant Staphylococcus aureus)<\/h3><p>El MRSA es un tipo de estafilococo resistente a los antibi\u00f3ticos llamados betalact\u00e1micos. Los antibi\u00f3ticos betalact\u00e1micos incluyen meticilina y otros antibi\u00f3ticos m\u00e1s comunes como oxacilina, penicilina y amoxicilina. Mientras que entre el 25% y el 30% de la poblaci\u00f3n est\u00e1 colonizada con estafilococos, aproximadamente el 1% est\u00e1 colonizado con MRSA.<\/p><h2>Qu\u00e9 es MRSA asociado a la comunidad (CA-MRSA)?<\/h2><p>El MRSA puede causar enfermedades en personas fuera de los hospitales y centros de salud. Las infecciones de MRSA que son adquiridas por personas que no han sido hospitalizadas recientemente o que tuvieron un procedimiento m\u00e9dico (como di\u00e1lisis, cirug\u00eda, cat\u00e9teres) se conocen como infecciones por CA-MRSA. Las infecciones por MRSA en la comunidad generalmente se manifiestan como infecciones de la piel, como granos y for\u00fanculos, y ocurren en personas sanas.<\/p><h2>Qu\u00e9 tan comunes son las infecciones por estafilococo y MRSA?<\/h2><p>Los estafilococos son una de las causas m\u00e1s comunes de infecci\u00f3n de la piel en los Estados Unidos y son una causa com\u00fan de neumon\u00eda, infecciones de heridas quir\u00fargicas e infecciones del torrente sangu\u00edneo. La mayor\u00eda de las infecciones de MRSA ocurren entre pacientes en hospitales u otros entornos de atenci\u00f3n m\u00e9dica; sin embargo, <strong>cada vez es m\u00e1s com\u00fan en el entorno de la comunidad.<\/strong><\/p><h2>C\u00f3mo se ve una infecci\u00f3n por estafilococo o MRSA?<\/h2><p>Las bacterias Staph, incluido el MRSA, pueden causar infecciones de la piel que pueden parecer granos\u00a0 y pueden ser rojas, hinchadas, dolorosas o tener pus u otro drenaje. Las infecciones m\u00e1s graves pueden causar neumon\u00eda, infecciones del torrente sangu\u00edneo o infecciones de heridas quir\u00fargicas.<\/p><h2>C\u00f3mo puedo prevenir infecciones de piel por estafilococo o MRSA?<\/h2><p>Siguiendo pr\u00e1cticas de buena higiene:<\/p><ul class=\"styled-list  icon-accent1\"><li class=\" icon-b \" data-icon=\"\ue2b1\">Mantenga sus manos limpias lav\u00e1ndolas cuidadosamente con agua y jab\u00f3n o usando un desinfectante para manos a base de alcohol.<\/li><li class=\" icon-b \" data-icon=\"\ue2b1\">Mantenga los cortes y raspones limpios y cubiertos con una venda hasta que cicatricen.<\/li><li class=\" icon-b \" data-icon=\"\ue2b1\">Evite el contacto con las heridas o vendajes de otras personas.<\/li><li class=\" icon-b \" data-icon=\"\ue2b1\">Evite compartir art\u00edculos personales como toallas, pa\u00f1os para limpiarse, rpastillas de jab\u00f3n, corta u\u00f1as, ropa, uniformes y s\u00e1banas.<\/li><\/ul>\t\t\t\t\t\t\t\t<\/div>\n\t\t\t\t<\/div>\n\t\t\t\t<div class=\"elementor-element elementor-element-d5c6f44 elementor-widget elementor-widget-button\" data-id=\"d5c6f44\" data-element_type=\"widget\" data-widget_type=\"button.default\">\n\t\t\t\t<div class=\"elementor-widget-container\">\n\t\t\t\t\t\t\t\t\t<div class=\"elementor-button-wrapper\">\n\t\t\t\t\t<a class=\"elementor-button elementor-button-link elementor-size-sm\" href=\"https:\/\/infectionsmanaged.org\/schedule-an-appointment\/\">\n\t\t\t\t\t\t<span class=\"elementor-button-content-wrapper\">\n\t\t\t\t\t\t\t\t\t<span class=\"elementor-button-text\">Agende una cita<\/span>\n\t\t\t\t\t<\/span>\n\t\t\t\t\t<\/a>\n\t\t\t\t<\/div>\n\t\t\t\t\t\t\t\t<\/div>\n\t\t\t\t<\/div>\n\t\t\t\t\t<\/div>\n\t\t<\/div>\n\t\t\t\t\t<\/div>\n\t\t<\/section>\n\t\t\t\t<\/div>\n\t\t","protected":false},"excerpt":{"rendered":"<p>MRSA Qu\u00e9 es MRSA? (methicillin-resistant Staphylococcus aureus) El MRSA es un tipo de estafilococo resistente a los antibi\u00f3ticos llamados betalact\u00e1micos. Los antibi\u00f3ticos betalact\u00e1micos incluyen meticilina y otros antibi\u00f3ticos m\u00e1s comunes como oxacilina, penicilina y amoxicilina. Mientras que entre el 25% y el 30% de la poblaci\u00f3n est\u00e1 colonizada con estafilococos, aproximadamente el 1% est\u00e1 colonizado [&hellip;]<\/p>\n","protected":false},"author":3,"featured_media":0,"parent":8718,"menu_order":1,"comment_status":"closed","ping_status":"closed","template":"","meta":{"footnotes":""},"class_list":["post-8789","page","type-page","status-publish","hentry"],"yoast_head":"<!-- This site is optimized with the Yoast SEO plugin v26.9 - https:\/\/yoast.com\/product\/yoast-seo-wordpress\/ -->\n<title>MRSA tratamiento| Infections Managed | Tratamiento de infecciones<\/title>\n<meta name=\"description\" content=\"MRSA tratamiento. Infections Managed, Centro de control de infecciones. Tel\u00e9fono: (954) 776-9992 . 4800 NE 20 Terrace, Suite 115 Fort Lauderdale,\" \/>\n<meta name=\"robots\" content=\"index, follow, max-snippet:-1, max-image-preview:large, max-video-preview:-1\" \/>\n<link rel=\"canonical\" href=\"https:\/\/infectionsmanaged.org\/es\/enfermedades-que-tratamos\/mrsa\/\" \/>\n<meta property=\"og:locale\" content=\"es_ES\" \/>\n<meta property=\"og:type\" content=\"article\" \/>\n<meta property=\"og:title\" content=\"MRSA tratamiento| Infections Managed | Tratamiento de infecciones\" \/>\n<meta property=\"og:description\" content=\"MRSA tratamiento. Infections Managed, Centro de control de infecciones. Tel\u00e9fono: (954) 776-9992 . 4800 NE 20 Terrace, Suite 115 Fort Lauderdale,\" \/>\n<meta property=\"og:url\" content=\"https:\/\/infectionsmanaged.org\/es\/enfermedades-que-tratamos\/mrsa\/\" \/>\n<meta property=\"og:site_name\" content=\"Infections Managed\" \/>\n<meta property=\"article:publisher\" content=\"https:\/\/www.facebook.com\/infectionsmanaged\/\" \/>\n<meta property=\"article:modified_time\" content=\"2021-12-22T18:45:19+00:00\" \/>\n<meta name=\"twitter:card\" content=\"summary_large_image\" \/>\n<meta name=\"twitter:label1\" content=\"Tiempo de lectura\" \/>\n\t<meta name=\"twitter:data1\" content=\"2 minutos\" \/>\n<script type=\"application\/ld+json\" class=\"yoast-schema-graph\">{\"@context\":\"https:\/\/schema.org\",\"@graph\":[{\"@type\":\"WebPage\",\"@id\":\"https:\/\/infectionsmanaged.org\/es\/enfermedades-que-tratamos\/mrsa\/\",\"url\":\"https:\/\/infectionsmanaged.org\/es\/enfermedades-que-tratamos\/mrsa\/\",\"name\":\"MRSA tratamiento| Infections Managed | Tratamiento de infecciones\",\"isPartOf\":{\"@id\":\"https:\/\/infectionsmanaged.org\/#website\"},\"datePublished\":\"2017-09-11T14:37:44+00:00\",\"dateModified\":\"2021-12-22T18:45:19+00:00\",\"description\":\"MRSA tratamiento. Infections Managed, Centro de control de infecciones. Tel\u00e9fono: (954) 776-9992 . 4800 NE 20 Terrace, Suite 115 Fort Lauderdale,\",\"breadcrumb\":{\"@id\":\"https:\/\/infectionsmanaged.org\/es\/enfermedades-que-tratamos\/mrsa\/#breadcrumb\"},\"inLanguage\":\"es\",\"potentialAction\":[{\"@type\":\"ReadAction\",\"target\":[\"https:\/\/infectionsmanaged.org\/es\/enfermedades-que-tratamos\/mrsa\/\"]}]},{\"@type\":\"BreadcrumbList\",\"@id\":\"https:\/\/infectionsmanaged.org\/es\/enfermedades-que-tratamos\/mrsa\/#breadcrumb\",\"itemListElement\":[{\"@type\":\"ListItem\",\"position\":1,\"name\":\"Home\",\"item\":\"https:\/\/infectionsmanaged.org\/es\/\"},{\"@type\":\"ListItem\",\"position\":2,\"name\":\"Enfermedades \/ Condiciones que tratamos\",\"item\":\"https:\/\/infectionsmanaged.org\/es\/enfermedades-que-tratamos\/\"},{\"@type\":\"ListItem\",\"position\":3,\"name\":\"MRSA\"}]},{\"@type\":\"WebSite\",\"@id\":\"https:\/\/infectionsmanaged.org\/#website\",\"url\":\"https:\/\/infectionsmanaged.org\/\",\"name\":\"Infections Managed\",\"description\":\"\",\"publisher\":{\"@id\":\"https:\/\/infectionsmanaged.org\/#organization\"},\"potentialAction\":[{\"@type\":\"SearchAction\",\"target\":{\"@type\":\"EntryPoint\",\"urlTemplate\":\"https:\/\/infectionsmanaged.org\/?s={search_term_string}\"},\"query-input\":{\"@type\":\"PropertyValueSpecification\",\"valueRequired\":true,\"valueName\":\"search_term_string\"}}],\"inLanguage\":\"es\"},{\"@type\":\"Organization\",\"@id\":\"https:\/\/infectionsmanaged.org\/#organization\",\"name\":\"Infections Managed\",\"url\":\"https:\/\/infectionsmanaged.org\/\",\"logo\":{\"@type\":\"ImageObject\",\"inLanguage\":\"es\",\"@id\":\"https:\/\/infectionsmanaged.org\/#\/schema\/logo\/image\/\",\"url\":\"https:\/\/infectionsmanaged.org\/wp-content\/uploads\/2017\/08\/logo-transp4.png\",\"contentUrl\":\"https:\/\/infectionsmanaged.org\/wp-content\/uploads\/2017\/08\/logo-transp4.png\",\"width\":450,\"height\":180,\"caption\":\"Infections Managed\"},\"image\":{\"@id\":\"https:\/\/infectionsmanaged.org\/#\/schema\/logo\/image\/\"},\"sameAs\":[\"https:\/\/www.facebook.com\/infectionsmanaged\/\",\"https:\/\/www.instagram.com\/drstephenrenae\/\",\"https:\/\/www.linkedin.com\/company\/infections-managed.-inc.\/\"]}]}<\/script>\n<!-- \/ Yoast SEO plugin. -->","yoast_head_json":{"title":"MRSA tratamiento| Infections Managed | Tratamiento de infecciones","description":"MRSA tratamiento. Infections Managed, Centro de control de infecciones. Tel\u00e9fono: (954) 776-9992 . 4800 NE 20 Terrace, Suite 115 Fort Lauderdale,","robots":{"index":"index","follow":"follow","max-snippet":"max-snippet:-1","max-image-preview":"max-image-preview:large","max-video-preview":"max-video-preview:-1"},"canonical":"https:\/\/infectionsmanaged.org\/es\/enfermedades-que-tratamos\/mrsa\/","og_locale":"es_ES","og_type":"article","og_title":"MRSA tratamiento| Infections Managed | Tratamiento de infecciones","og_description":"MRSA tratamiento. Infections Managed, Centro de control de infecciones. Tel\u00e9fono: (954) 776-9992 . 4800 NE 20 Terrace, Suite 115 Fort Lauderdale,","og_url":"https:\/\/infectionsmanaged.org\/es\/enfermedades-que-tratamos\/mrsa\/","og_site_name":"Infections Managed","article_publisher":"https:\/\/www.facebook.com\/infectionsmanaged\/","article_modified_time":"2021-12-22T18:45:19+00:00","twitter_card":"summary_large_image","twitter_misc":{"Tiempo de lectura":"2 minutos"},"schema":{"@context":"https:\/\/schema.org","@graph":[{"@type":"WebPage","@id":"https:\/\/infectionsmanaged.org\/es\/enfermedades-que-tratamos\/mrsa\/","url":"https:\/\/infectionsmanaged.org\/es\/enfermedades-que-tratamos\/mrsa\/","name":"MRSA tratamiento| Infections Managed | Tratamiento de infecciones","isPartOf":{"@id":"https:\/\/infectionsmanaged.org\/#website"},"datePublished":"2017-09-11T14:37:44+00:00","dateModified":"2021-12-22T18:45:19+00:00","description":"MRSA tratamiento. Infections Managed, Centro de control de infecciones. Tel\u00e9fono: (954) 776-9992 . 4800 NE 20 Terrace, Suite 115 Fort Lauderdale,","breadcrumb":{"@id":"https:\/\/infectionsmanaged.org\/es\/enfermedades-que-tratamos\/mrsa\/#breadcrumb"},"inLanguage":"es","potentialAction":[{"@type":"ReadAction","target":["https:\/\/infectionsmanaged.org\/es\/enfermedades-que-tratamos\/mrsa\/"]}]},{"@type":"BreadcrumbList","@id":"https:\/\/infectionsmanaged.org\/es\/enfermedades-que-tratamos\/mrsa\/#breadcrumb","itemListElement":[{"@type":"ListItem","position":1,"name":"Home","item":"https:\/\/infectionsmanaged.org\/es\/"},{"@type":"ListItem","position":2,"name":"Enfermedades \/ Condiciones que tratamos","item":"https:\/\/infectionsmanaged.org\/es\/enfermedades-que-tratamos\/"},{"@type":"ListItem","position":3,"name":"MRSA"}]},{"@type":"WebSite","@id":"https:\/\/infectionsmanaged.org\/#website","url":"https:\/\/infectionsmanaged.org\/","name":"Infections Managed","description":"","publisher":{"@id":"https:\/\/infectionsmanaged.org\/#organization"},"potentialAction":[{"@type":"SearchAction","target":{"@type":"EntryPoint","urlTemplate":"https:\/\/infectionsmanaged.org\/?s={search_term_string}"},"query-input":{"@type":"PropertyValueSpecification","valueRequired":true,"valueName":"search_term_string"}}],"inLanguage":"es"},{"@type":"Organization","@id":"https:\/\/infectionsmanaged.org\/#organization","name":"Infections Managed","url":"https:\/\/infectionsmanaged.org\/","logo":{"@type":"ImageObject","inLanguage":"es","@id":"https:\/\/infectionsmanaged.org\/#\/schema\/logo\/image\/","url":"https:\/\/infectionsmanaged.org\/wp-content\/uploads\/2017\/08\/logo-transp4.png","contentUrl":"https:\/\/infectionsmanaged.org\/wp-content\/uploads\/2017\/08\/logo-transp4.png","width":450,"height":180,"caption":"Infections Managed"},"image":{"@id":"https:\/\/infectionsmanaged.org\/#\/schema\/logo\/image\/"},"sameAs":["https:\/\/www.facebook.com\/infectionsmanaged\/","https:\/\/www.instagram.com\/drstephenrenae\/","https:\/\/www.linkedin.com\/company\/infections-managed.-inc.\/"]}]}},"_links":{"self":[{"href":"https:\/\/infectionsmanaged.org\/es\/wp-json\/wp\/v2\/pages\/8789","targetHints":{"allow":["GET"]}}],"collection":[{"href":"https:\/\/infectionsmanaged.org\/es\/wp-json\/wp\/v2\/pages"}],"about":[{"href":"https:\/\/infectionsmanaged.org\/es\/wp-json\/wp\/v2\/types\/page"}],"author":[{"embeddable":true,"href":"https:\/\/infectionsmanaged.org\/es\/wp-json\/wp\/v2\/users\/3"}],"replies":[{"embeddable":true,"href":"https:\/\/infectionsmanaged.org\/es\/wp-json\/wp\/v2\/comments?post=8789"}],"version-history":[{"count":0,"href":"https:\/\/infectionsmanaged.org\/es\/wp-json\/wp\/v2\/pages\/8789\/revisions"}],"up":[{"embeddable":true,"href":"https:\/\/infectionsmanaged.org\/es\/wp-json\/wp\/v2\/pages\/8718"}],"wp:attachment":[{"href":"https:\/\/infectionsmanaged.org\/es\/wp-json\/wp\/v2\/media?parent=8789"}],"curies":[{"name":"wp","href":"https:\/\/api.w.org\/{rel}","templated":true}]}}