{"id":8775,"date":"2017-09-11T14:47:59","date_gmt":"2017-09-11T14:47:59","guid":{"rendered":"http:\/\/box5735.temp.domains\/~infectj5\/enfermedades-que-tratamos\/joint-replacement-infections\/"},"modified":"2021-12-22T18:43:49","modified_gmt":"2021-12-22T18:43:49","slug":"infecciones-reemplazo-de-articulaciones","status":"publish","type":"page","link":"https:\/\/infectionsmanaged.org\/es\/enfermedades-que-tratamos\/infecciones-reemplazo-de-articulaciones\/","title":{"rendered":"Infecciones en reemplazo de articulaciones"},"content":{"rendered":"\t\t<div data-elementor-type=\"wp-page\" data-elementor-id=\"8775\" class=\"elementor elementor-8775\" data-elementor-post-type=\"page\">\n\t\t\t\t\t\t<section class=\"elementor-section elementor-top-section elementor-element elementor-element-dd6a1eb elementor-section-boxed elementor-section-height-default elementor-section-height-default\" data-id=\"dd6a1eb\" data-element_type=\"section\">\n\t\t\t\t\t\t<div class=\"elementor-container elementor-column-gap-default\">\n\t\t\t\t\t<div class=\"elementor-column elementor-col-100 elementor-top-column elementor-element elementor-element-e4bfde2\" data-id=\"e4bfde2\" data-element_type=\"column\">\n\t\t\t<div class=\"elementor-widget-wrap elementor-element-populated\">\n\t\t\t\t\t\t<div class=\"elementor-element elementor-element-33bd7cc elementor-widget elementor-widget-heading\" data-id=\"33bd7cc\" data-element_type=\"widget\" data-widget_type=\"heading.default\">\n\t\t\t\t<div class=\"elementor-widget-container\">\n\t\t\t\t\t<h2 class=\"elementor-heading-title elementor-size-default\">Infecciones en reemplazo de articulaciones<\/h2>\t\t\t\t<\/div>\n\t\t\t\t<\/div>\n\t\t\t\t<div class=\"elementor-element elementor-element-659d74c elementor-widget-divider--view-line elementor-widget elementor-widget-divider\" data-id=\"659d74c\" data-element_type=\"widget\" data-widget_type=\"divider.default\">\n\t\t\t\t<div class=\"elementor-widget-container\">\n\t\t\t\t\t\t\t<div class=\"elementor-divider\">\n\t\t\t<span class=\"elementor-divider-separator\">\n\t\t\t\t\t\t<\/span>\n\t\t<\/div>\n\t\t\t\t\t\t<\/div>\n\t\t\t\t<\/div>\n\t\t\t\t<div class=\"elementor-element elementor-element-09ef32e elementor-widget elementor-widget-text-editor\" data-id=\"09ef32e\" data-element_type=\"widget\" data-widget_type=\"text-editor.default\">\n\t\t\t\t<div class=\"elementor-widget-container\">\n\t\t\t\t\t\t\t\t\t<p>Los reemplazos de rodilla y cadera son dos de las operaciones programables realizadas m\u00e1s com\u00fanmente. Para la mayor\u00eda de los pacientes, la cirug\u00eda de reemplazo de articulaciones alivia el dolor y les permite llevar adelante una vida m\u00e1s plena y activa.<\/p><p>Sin embargo, ning\u00fan procedimiento quir\u00fargico est\u00e1 exento de riesgos. Un peque\u00f1o porcentaje de pacientes sometidos a reemplazo de cadera o rodilla (aproximadamente 1 de cada 100) puede llegar a desarrollar una infecci\u00f3n despu\u00e9s de la operaci\u00f3n.<\/p><p>Las infecciones de reemplazo de articulaciones pueden ocurrir en la herida o en la profundidad alrededor de los implantes artificiales. Se puede desarrollar una infecci\u00f3n durante su estad\u00eda en el hospital o luego, al irse a casa.<\/p><p>Las infecciones de reemplazo de articulaciones pueden incluso ocurrir a\u00f1os despu\u00e9s de su cirug\u00eda.<\/p><p>El objetivo de este art\u00edculo es ayudar a los pacientes a comprender por qu\u00e9 los reemplazos articulares pueden infectarse, cu\u00e1les son los signos y s\u00edntomas de la infecci\u00f3n, c\u00f3mo se tratan las infecciones y c\u00f3mo prevenir las infecciones.<\/p><h2>Descripci\u00f3n<\/h2><p>Cualquier infecci\u00f3n puede extenderse desde el cuerpo a la zona de la pr\u00f3tesis.<\/p><p>Las infecciones son causadas por bacterias. Aunque las bacterias son abundantes en nuestro tracto gastrointestinal y en nuestra piel, nuestro sistema inmunol\u00f3gico las mantiene bajo control. Por ejemplo, si las bacterias llegan a nuestro torrente sangu\u00edneo, nuestro sistema inmune responde r\u00e1pidamente y mata a las bacterias invasoras.<\/p><p>Sin embargo, debido a que las pr\u00f3tesis est\u00e1n hechas de metal y pl\u00e1stico, es dif\u00edcil para nuestro sistema inmune atacar a las bacterias que llegan a estos implantes. Si las bacterias obtienen acceso a los implantes, pueden multiplicarse y causar desde all\u00ed, una infecci\u00f3n.<\/p><p>A pesar de los antibi\u00f3ticos y los tratamientos preventivos, los pacientes con reemplazos articulares infectados a menudo requieren de cirug\u00eda para curar la infecci\u00f3n.<\/p><h2>Causa<\/h2><p>Una articulaci\u00f3n total puede infectarse en el transcurso de la cirug\u00eda, o en cualquier momento, desde semanas hasta a\u00f1os pasada la cirug\u00eda.<\/p><p>Las formas m\u00e1s comunes en que las bacterias ingresan al cuerpo incluyen roturas o cortes en la piel, procedimientos dentales importantes (como la extracci\u00f3n de un diente o un tratamiento de conducto) y heridas a trav\u00e9s de otros procedimientos quir\u00fargicos.<\/p><p>Algunas personas corren un mayor riesgo de desarrollar infecciones despu\u00e9s de un procedimiento de reemplazo de articulaciones. Los factores que aumentan el riesgo de infecci\u00f3n incluyen:<\/p><ul class=\"styled-list  icon-accent1\"><li class=\" icon-b \" data-icon=\"\ue2b1\">Inmunodeficiencias (como VIH, linfoma)<\/li><li class=\" icon-b \" data-icon=\"\ue2b1\">Diabetes mellitus<\/li><li class=\" icon-b \" data-icon=\"\ue2b1\">Enfermedad vascular perif\u00e9rica (mala circulaci\u00f3n en manos y pies)<\/li><li class=\" icon-b \" data-icon=\"\ue2b1\">Tratamientos inmunosupresores (como quimioterapia o corticosteroides)<\/li><li class=\" icon-b \" data-icon=\"\ue2b1\">Obesidad<\/li><\/ul>\t\t\t\t\t\t\t\t<\/div>\n\t\t\t\t<\/div>\n\t\t\t\t<div class=\"elementor-element elementor-element-2cbd424 elementor-widget elementor-widget-button\" data-id=\"2cbd424\" data-element_type=\"widget\" data-widget_type=\"button.default\">\n\t\t\t\t<div class=\"elementor-widget-container\">\n\t\t\t\t\t\t\t\t\t<div class=\"elementor-button-wrapper\">\n\t\t\t\t\t<a class=\"elementor-button elementor-button-link elementor-size-sm\" href=\"https:\/\/infectionsmanaged.org\/schedule-an-appointment\/\">\n\t\t\t\t\t\t<span class=\"elementor-button-content-wrapper\">\n\t\t\t\t\t\t\t\t\t<span class=\"elementor-button-text\">Agende una cita<\/span>\n\t\t\t\t\t<\/span>\n\t\t\t\t\t<\/a>\n\t\t\t\t<\/div>\n\t\t\t\t\t\t\t\t<\/div>\n\t\t\t\t<\/div>\n\t\t\t\t\t<\/div>\n\t\t<\/div>\n\t\t\t\t\t<\/div>\n\t\t<\/section>\n\t\t\t\t<\/div>\n\t\t","protected":false},"excerpt":{"rendered":"<p>Infecciones en reemplazo de articulaciones Los reemplazos de rodilla y cadera son dos de las operaciones programables realizadas m\u00e1s com\u00fanmente. Para la mayor\u00eda de los pacientes, la cirug\u00eda de reemplazo de articulaciones alivia el dolor y les permite llevar adelante una vida m\u00e1s plena y activa. Sin embargo, ning\u00fan procedimiento quir\u00fargico est\u00e1 exento de riesgos. [&hellip;]<\/p>\n","protected":false},"author":3,"featured_media":0,"parent":8718,"menu_order":1,"comment_status":"closed","ping_status":"closed","template":"","meta":{"footnotes":""},"class_list":["post-8775","page","type-page","status-publish","hentry"],"yoast_head":"<!-- This site is optimized with the Yoast SEO plugin v26.9 - https:\/\/yoast.com\/product\/yoast-seo-wordpress\/ -->\n<title>Infecciones en reemplazo de articulaciones | Infections Managed<\/title>\n<meta name=\"robots\" content=\"index, follow, max-snippet:-1, max-image-preview:large, max-video-preview:-1\" \/>\n<link rel=\"canonical\" href=\"https:\/\/infectionsmanaged.org\/es\/enfermedades-que-tratamos\/infecciones-reemplazo-de-articulaciones\/\" \/>\n<meta property=\"og:locale\" content=\"es_ES\" \/>\n<meta property=\"og:type\" content=\"article\" \/>\n<meta property=\"og:title\" content=\"Infecciones en reemplazo de articulaciones | Infections Managed\" \/>\n<meta property=\"og:description\" content=\"Infecciones en reemplazo de articulaciones Los reemplazos de rodilla y cadera son dos de las operaciones programables realizadas m\u00e1s com\u00fanmente. Para la mayor\u00eda de los pacientes, la cirug\u00eda de reemplazo de articulaciones alivia el dolor y les permite llevar adelante una vida m\u00e1s plena y activa. Sin embargo, ning\u00fan procedimiento quir\u00fargico est\u00e1 exento de riesgos. [&hellip;]\" \/>\n<meta property=\"og:url\" content=\"https:\/\/infectionsmanaged.org\/es\/enfermedades-que-tratamos\/infecciones-reemplazo-de-articulaciones\/\" \/>\n<meta property=\"og:site_name\" content=\"Infections Managed\" \/>\n<meta property=\"article:publisher\" content=\"https:\/\/www.facebook.com\/infectionsmanaged\/\" \/>\n<meta property=\"article:modified_time\" content=\"2021-12-22T18:43:49+00:00\" \/>\n<meta name=\"twitter:card\" content=\"summary_large_image\" \/>\n<meta name=\"twitter:label1\" content=\"Tiempo de lectura\" \/>\n\t<meta name=\"twitter:data1\" content=\"2 minutos\" \/>\n<script type=\"application\/ld+json\" class=\"yoast-schema-graph\">{\"@context\":\"https:\/\/schema.org\",\"@graph\":[{\"@type\":\"WebPage\",\"@id\":\"https:\/\/infectionsmanaged.org\/es\/enfermedades-que-tratamos\/infecciones-reemplazo-de-articulaciones\/\",\"url\":\"https:\/\/infectionsmanaged.org\/es\/enfermedades-que-tratamos\/infecciones-reemplazo-de-articulaciones\/\",\"name\":\"Infecciones en reemplazo de articulaciones | Infections Managed\",\"isPartOf\":{\"@id\":\"https:\/\/infectionsmanaged.org\/#website\"},\"datePublished\":\"2017-09-11T14:47:59+00:00\",\"dateModified\":\"2021-12-22T18:43:49+00:00\",\"breadcrumb\":{\"@id\":\"https:\/\/infectionsmanaged.org\/es\/enfermedades-que-tratamos\/infecciones-reemplazo-de-articulaciones\/#breadcrumb\"},\"inLanguage\":\"es\",\"potentialAction\":[{\"@type\":\"ReadAction\",\"target\":[\"https:\/\/infectionsmanaged.org\/es\/enfermedades-que-tratamos\/infecciones-reemplazo-de-articulaciones\/\"]}]},{\"@type\":\"BreadcrumbList\",\"@id\":\"https:\/\/infectionsmanaged.org\/es\/enfermedades-que-tratamos\/infecciones-reemplazo-de-articulaciones\/#breadcrumb\",\"itemListElement\":[{\"@type\":\"ListItem\",\"position\":1,\"name\":\"Home\",\"item\":\"https:\/\/infectionsmanaged.org\/es\/\"},{\"@type\":\"ListItem\",\"position\":2,\"name\":\"Enfermedades \/ Condiciones que tratamos\",\"item\":\"https:\/\/infectionsmanaged.org\/es\/enfermedades-que-tratamos\/\"},{\"@type\":\"ListItem\",\"position\":3,\"name\":\"Infecciones en reemplazo de articulaciones\"}]},{\"@type\":\"WebSite\",\"@id\":\"https:\/\/infectionsmanaged.org\/#website\",\"url\":\"https:\/\/infectionsmanaged.org\/\",\"name\":\"Infections Managed\",\"description\":\"\",\"publisher\":{\"@id\":\"https:\/\/infectionsmanaged.org\/#organization\"},\"potentialAction\":[{\"@type\":\"SearchAction\",\"target\":{\"@type\":\"EntryPoint\",\"urlTemplate\":\"https:\/\/infectionsmanaged.org\/?s={search_term_string}\"},\"query-input\":{\"@type\":\"PropertyValueSpecification\",\"valueRequired\":true,\"valueName\":\"search_term_string\"}}],\"inLanguage\":\"es\"},{\"@type\":\"Organization\",\"@id\":\"https:\/\/infectionsmanaged.org\/#organization\",\"name\":\"Infections Managed\",\"url\":\"https:\/\/infectionsmanaged.org\/\",\"logo\":{\"@type\":\"ImageObject\",\"inLanguage\":\"es\",\"@id\":\"https:\/\/infectionsmanaged.org\/#\/schema\/logo\/image\/\",\"url\":\"https:\/\/infectionsmanaged.org\/wp-content\/uploads\/2017\/08\/logo-transp4.png\",\"contentUrl\":\"https:\/\/infectionsmanaged.org\/wp-content\/uploads\/2017\/08\/logo-transp4.png\",\"width\":450,\"height\":180,\"caption\":\"Infections Managed\"},\"image\":{\"@id\":\"https:\/\/infectionsmanaged.org\/#\/schema\/logo\/image\/\"},\"sameAs\":[\"https:\/\/www.facebook.com\/infectionsmanaged\/\",\"https:\/\/www.instagram.com\/drstephenrenae\/\",\"https:\/\/www.linkedin.com\/company\/infections-managed.-inc.\/\"]}]}<\/script>\n<!-- \/ Yoast SEO plugin. -->","yoast_head_json":{"title":"Infecciones en reemplazo de articulaciones | Infections Managed","robots":{"index":"index","follow":"follow","max-snippet":"max-snippet:-1","max-image-preview":"max-image-preview:large","max-video-preview":"max-video-preview:-1"},"canonical":"https:\/\/infectionsmanaged.org\/es\/enfermedades-que-tratamos\/infecciones-reemplazo-de-articulaciones\/","og_locale":"es_ES","og_type":"article","og_title":"Infecciones en reemplazo de articulaciones | Infections Managed","og_description":"Infecciones en reemplazo de articulaciones Los reemplazos de rodilla y cadera son dos de las operaciones programables realizadas m\u00e1s com\u00fanmente. Para la mayor\u00eda de los pacientes, la cirug\u00eda de reemplazo de articulaciones alivia el dolor y les permite llevar adelante una vida m\u00e1s plena y activa. Sin embargo, ning\u00fan procedimiento quir\u00fargico est\u00e1 exento de riesgos. [&hellip;]","og_url":"https:\/\/infectionsmanaged.org\/es\/enfermedades-que-tratamos\/infecciones-reemplazo-de-articulaciones\/","og_site_name":"Infections Managed","article_publisher":"https:\/\/www.facebook.com\/infectionsmanaged\/","article_modified_time":"2021-12-22T18:43:49+00:00","twitter_card":"summary_large_image","twitter_misc":{"Tiempo de lectura":"2 minutos"},"schema":{"@context":"https:\/\/schema.org","@graph":[{"@type":"WebPage","@id":"https:\/\/infectionsmanaged.org\/es\/enfermedades-que-tratamos\/infecciones-reemplazo-de-articulaciones\/","url":"https:\/\/infectionsmanaged.org\/es\/enfermedades-que-tratamos\/infecciones-reemplazo-de-articulaciones\/","name":"Infecciones en reemplazo de articulaciones | Infections Managed","isPartOf":{"@id":"https:\/\/infectionsmanaged.org\/#website"},"datePublished":"2017-09-11T14:47:59+00:00","dateModified":"2021-12-22T18:43:49+00:00","breadcrumb":{"@id":"https:\/\/infectionsmanaged.org\/es\/enfermedades-que-tratamos\/infecciones-reemplazo-de-articulaciones\/#breadcrumb"},"inLanguage":"es","potentialAction":[{"@type":"ReadAction","target":["https:\/\/infectionsmanaged.org\/es\/enfermedades-que-tratamos\/infecciones-reemplazo-de-articulaciones\/"]}]},{"@type":"BreadcrumbList","@id":"https:\/\/infectionsmanaged.org\/es\/enfermedades-que-tratamos\/infecciones-reemplazo-de-articulaciones\/#breadcrumb","itemListElement":[{"@type":"ListItem","position":1,"name":"Home","item":"https:\/\/infectionsmanaged.org\/es\/"},{"@type":"ListItem","position":2,"name":"Enfermedades \/ Condiciones que tratamos","item":"https:\/\/infectionsmanaged.org\/es\/enfermedades-que-tratamos\/"},{"@type":"ListItem","position":3,"name":"Infecciones en reemplazo de articulaciones"}]},{"@type":"WebSite","@id":"https:\/\/infectionsmanaged.org\/#website","url":"https:\/\/infectionsmanaged.org\/","name":"Infections Managed","description":"","publisher":{"@id":"https:\/\/infectionsmanaged.org\/#organization"},"potentialAction":[{"@type":"SearchAction","target":{"@type":"EntryPoint","urlTemplate":"https:\/\/infectionsmanaged.org\/?s={search_term_string}"},"query-input":{"@type":"PropertyValueSpecification","valueRequired":true,"valueName":"search_term_string"}}],"inLanguage":"es"},{"@type":"Organization","@id":"https:\/\/infectionsmanaged.org\/#organization","name":"Infections Managed","url":"https:\/\/infectionsmanaged.org\/","logo":{"@type":"ImageObject","inLanguage":"es","@id":"https:\/\/infectionsmanaged.org\/#\/schema\/logo\/image\/","url":"https:\/\/infectionsmanaged.org\/wp-content\/uploads\/2017\/08\/logo-transp4.png","contentUrl":"https:\/\/infectionsmanaged.org\/wp-content\/uploads\/2017\/08\/logo-transp4.png","width":450,"height":180,"caption":"Infections Managed"},"image":{"@id":"https:\/\/infectionsmanaged.org\/#\/schema\/logo\/image\/"},"sameAs":["https:\/\/www.facebook.com\/infectionsmanaged\/","https:\/\/www.instagram.com\/drstephenrenae\/","https:\/\/www.linkedin.com\/company\/infections-managed.-inc.\/"]}]}},"_links":{"self":[{"href":"https:\/\/infectionsmanaged.org\/es\/wp-json\/wp\/v2\/pages\/8775","targetHints":{"allow":["GET"]}}],"collection":[{"href":"https:\/\/infectionsmanaged.org\/es\/wp-json\/wp\/v2\/pages"}],"about":[{"href":"https:\/\/infectionsmanaged.org\/es\/wp-json\/wp\/v2\/types\/page"}],"author":[{"embeddable":true,"href":"https:\/\/infectionsmanaged.org\/es\/wp-json\/wp\/v2\/users\/3"}],"replies":[{"embeddable":true,"href":"https:\/\/infectionsmanaged.org\/es\/wp-json\/wp\/v2\/comments?post=8775"}],"version-history":[{"count":0,"href":"https:\/\/infectionsmanaged.org\/es\/wp-json\/wp\/v2\/pages\/8775\/revisions"}],"up":[{"embeddable":true,"href":"https:\/\/infectionsmanaged.org\/es\/wp-json\/wp\/v2\/pages\/8718"}],"wp:attachment":[{"href":"https:\/\/infectionsmanaged.org\/es\/wp-json\/wp\/v2\/media?parent=8775"}],"curies":[{"name":"wp","href":"https:\/\/api.w.org\/{rel}","templated":true}]}}