{"id":8767,"date":"2017-08-31T12:44:30","date_gmt":"2017-08-31T12:44:30","guid":{"rendered":"http:\/\/www.infectionsmanaged.com\/enfermedades-que-tratamos\/hiv-aids\/"},"modified":"2021-12-22T18:48:05","modified_gmt":"2021-12-22T18:48:05","slug":"hiv-aids","status":"publish","type":"page","link":"https:\/\/infectionsmanaged.org\/es\/enfermedades-que-tratamos\/hiv-aids\/","title":{"rendered":"VIH\/SIDA"},"content":{"rendered":"\t\t<div data-elementor-type=\"wp-page\" data-elementor-id=\"8767\" class=\"elementor elementor-8767\" data-elementor-post-type=\"page\">\n\t\t\t\t\t\t<section class=\"elementor-section elementor-top-section elementor-element elementor-element-d70fb9f elementor-section-boxed elementor-section-height-default elementor-section-height-default\" data-id=\"d70fb9f\" data-element_type=\"section\">\n\t\t\t\t\t\t<div class=\"elementor-container elementor-column-gap-default\">\n\t\t\t\t\t<div class=\"elementor-column elementor-col-100 elementor-top-column elementor-element elementor-element-abac0d7\" data-id=\"abac0d7\" data-element_type=\"column\">\n\t\t\t<div class=\"elementor-widget-wrap elementor-element-populated\">\n\t\t\t\t\t\t<div class=\"elementor-element elementor-element-d586200 elementor-widget elementor-widget-heading\" data-id=\"d586200\" data-element_type=\"widget\" data-widget_type=\"heading.default\">\n\t\t\t\t<div class=\"elementor-widget-container\">\n\t\t\t\t\t<h2 class=\"elementor-heading-title elementor-size-default\">VIH\/SIDA<\/h2>\t\t\t\t<\/div>\n\t\t\t\t<\/div>\n\t\t\t\t<div class=\"elementor-element elementor-element-573b22a elementor-widget-divider--view-line elementor-widget elementor-widget-divider\" data-id=\"573b22a\" data-element_type=\"widget\" data-widget_type=\"divider.default\">\n\t\t\t\t<div class=\"elementor-widget-container\">\n\t\t\t\t\t\t\t<div class=\"elementor-divider\">\n\t\t\t<span class=\"elementor-divider-separator\">\n\t\t\t\t\t\t<\/span>\n\t\t<\/div>\n\t\t\t\t\t\t<\/div>\n\t\t\t\t<\/div>\n\t\t\t\t<div class=\"elementor-element elementor-element-877a621 elementor-widget elementor-widget-text-editor\" data-id=\"877a621\" data-element_type=\"widget\" data-widget_type=\"text-editor.default\">\n\t\t\t\t<div class=\"elementor-widget-container\">\n\t\t\t\t\t\t\t\t\t<h2>Tratamiento VIH<\/h2><div class=\"row \"><div id=\"wpv-column-cdb85df6d984dc92c12529b74270369c\" class=\"wpv-grid grid-1-1  wpv-first-level first unextended\"><div class=\"row \"><div id=\"wpv-column-6471c67c8ecbd0b29cd7380291cf2442\" class=\"wpv-grid grid-1-1 first unextended animation-from-left animated-active animation-ended\"><span class=\"highlight light\">El VIH es un virus<\/span> que se propaga a trav\u00e9s de ciertos fluidos corporales que atacan el sistema inmune del cuerpo, espec\u00edficamente las c\u00e9lulas CD4, a menudo llamadas c\u00e9lulas T. Con el tiempo, el VIH puede destruir tantas de estas c\u00e9lulas que el cuerpo no puede combatir infecciones y enfermedades.<p>Estas c\u00e9lulas especiales ayudan al sistema inmunitario a combatir las infecciones. Sin tratamiento, el VIH reduce la cantidad de c\u00e9lulas CD4 (c\u00e9lulas T) en el cuerpo. Este da\u00f1o al sistema inmune hace que resulte cada vez m\u00e1s dif\u00edcil para el cuerpo luchar contra las infecciones y otras enfermedades.<\/p><p>Las infecciones o el c\u00e1ncer se aprovechan de un sistema inmune debilitado y indicando que la persona tiene SIDA. Obtenga m\u00e1s informaci\u00f3n sobre las etapas del VIH y\/o c\u00f3mo saber si est\u00e1 infectado.<\/p><\/div><\/div><h2>Pruebas de VIH para monitoreo y diagn\u00f3stico<\/h2><p>Las pruebas de VIH son muy precisas, pero ninguna prueba puede detectar el virus inmediatamente despu\u00e9s de la infecci\u00f3n. La rapidez con que una prueba puede detectar la infecci\u00f3n depende de diferentes factores, incluido el tipo de prueba que se realiza. Hay tres tipos de pruebas de diagn\u00f3stico de VIH: pruebas de anticuerpos, pruebas de combinaci\u00f3n o de cuarta generaci\u00f3n y pruebas de \u00e1cidos nucleicos (NAT).<\/p><ul class=\"styled-list  icon-accent2\"><li class=\" icon-b \" data-icon=\"\ue2d3\">Las pruebas de anticuerpos detectan la presencia de anticuerpos, las prote\u00ednas que produce el cuerpo de una persona contra el VIH, no el VIH en s\u00ed mismo. La mayor\u00eda de las pruebas de VIH, incluidas la mayor\u00eda de las pruebas r\u00e1pidas y las pruebas domiciliarias, son pruebas de anticuerpos. Pueden pasar de 3 a 12 semanas para que el cuerpo de una persona produzca suficientes anticuerpos para ser detectada en una prueba de este tipo. En general, las pruebas de anticuerpos que usan sangre pueden detectar el VIH un poco antes que las pruebas realizadas con el l\u00edquido oral.<\/li><li class=\" icon-b \" data-icon=\"\ue2d3\">Las pruebas de combinaci\u00f3n o de cuarta generaci\u00f3n buscan anticuerpos y ant\u00edgenos del VIH. Los ant\u00edgenos son parte del virus en s\u00ed y est\u00e1n presentes durante la infecci\u00f3n aguda por VIH. Pueden pasar de 2 a 6 semanas para que el cuerpo de una persona produzca suficientes ant\u00edgenos y anticuerpos para que una prueba de combinaci\u00f3n pueda detectar el VIH.<\/li><li class=\" icon-b \" data-icon=\"\ue2d3\">Los NAT detectan el VIH m\u00e1s r\u00e1pido al buscar el VIH en la sangre. Pueden pasar de 7 a 28 d\u00edas para que los NAT detecten el VIH. Esta prueba es muy costosa y no se usa de manera rutinaria para la detecci\u00f3n del VIH a menos que la persona haya tenido recientemente una exposici\u00f3n de alto riesgo o una posible exposici\u00f3n con s\u00edntomas tempranos de infecci\u00f3n por VIH.<\/li><\/ul><p>Una prueba inicial de VIH ser\u00e1 una prueba de anticuerpos o una combinada. Puede implicar obtener sangre o fluido oral para una prueba r\u00e1pida o enviar sangre o fluido oral a un laboratorio. Si la prueba inicial de VIH es una prueba r\u00e1pida y es positiva, se le indicar\u00e1 a la persona que se haga una prueba de seguimiento. Si la prueba inicial de VIH es una prueba de laboratorio y es positiva, el laboratorio generalmente realizar\u00e1 pruebas de seguimiento en la misma muestra de sangre que la prueba inicial. Si bien las pruebas de VIH generalmente son muy precisas, las pruebas de seguimiento le permiten al proveedor de atenci\u00f3n m\u00e9dica asegurarse de que el diagn\u00f3stico es el correcto.<\/p><p>D\u00f3nde puede encontrarnos : <a href=\"https:\/\/goo.gl\/maps\/mNcYPvmU63E2\">Tratamiento VIH en Fort Lauderdale<\/a><\/p><\/div><\/div>\t\t\t\t\t\t\t\t<\/div>\n\t\t\t\t<\/div>\n\t\t\t\t<div class=\"elementor-element elementor-element-e58cd93 elementor-widget elementor-widget-button\" data-id=\"e58cd93\" data-element_type=\"widget\" data-widget_type=\"button.default\">\n\t\t\t\t<div class=\"elementor-widget-container\">\n\t\t\t\t\t\t\t\t\t<div class=\"elementor-button-wrapper\">\n\t\t\t\t\t<a class=\"elementor-button elementor-button-link elementor-size-sm\" href=\"https:\/\/infectionsmanaged.org\/schedule-an-appointment\/\">\n\t\t\t\t\t\t<span class=\"elementor-button-content-wrapper\">\n\t\t\t\t\t\t\t\t\t<span class=\"elementor-button-text\">Agende una cita<\/span>\n\t\t\t\t\t<\/span>\n\t\t\t\t\t<\/a>\n\t\t\t\t<\/div>\n\t\t\t\t\t\t\t\t<\/div>\n\t\t\t\t<\/div>\n\t\t\t\t\t<\/div>\n\t\t<\/div>\n\t\t\t\t\t<\/div>\n\t\t<\/section>\n\t\t\t\t<\/div>\n\t\t","protected":false},"excerpt":{"rendered":"<p>VIH\/SIDA Tratamiento VIH El VIH es un virus que se propaga a trav\u00e9s de ciertos fluidos corporales que atacan el sistema inmune del cuerpo, espec\u00edficamente las c\u00e9lulas CD4, a menudo llamadas c\u00e9lulas T. Con el tiempo, el VIH puede destruir tantas de estas c\u00e9lulas que el cuerpo no puede combatir infecciones y enfermedades. Estas c\u00e9lulas [&hellip;]<\/p>\n","protected":false},"author":3,"featured_media":0,"parent":8718,"menu_order":1,"comment_status":"closed","ping_status":"closed","template":"","meta":{"footnotes":""},"class_list":["post-8767","page","type-page","status-publish","hentry"],"yoast_head":"<!-- This site is optimized with the Yoast SEO plugin v26.9 - https:\/\/yoast.com\/product\/yoast-seo-wordpress\/ -->\n<title>Tratamiento VIH Fort Lauderdale | IM | Especialista en HIV\/AIDS<\/title>\n<meta name=\"description\" content=\"Tratamiento de VIH. Pruebas de VIH para detecci\u00f3n y diagn\u00f3stico. 4800 NE 20 Terrace, St 115. Fort Lauderdale, FL (954) 776-9992 especialista en HIV.\" \/>\n<meta name=\"robots\" content=\"index, follow, max-snippet:-1, max-image-preview:large, max-video-preview:-1\" \/>\n<link rel=\"canonical\" href=\"https:\/\/infectionsmanaged.org\/es\/enfermedades-que-tratamos\/hiv-aids\/\" \/>\n<meta property=\"og:locale\" content=\"es_ES\" \/>\n<meta property=\"og:type\" content=\"article\" \/>\n<meta property=\"og:title\" content=\"Tratamiento VIH Fort Lauderdale | IM | Especialista en HIV\/AIDS\" \/>\n<meta property=\"og:description\" content=\"Tratamiento de VIH. Pruebas de VIH para detecci\u00f3n y diagn\u00f3stico. 4800 NE 20 Terrace, St 115. Fort Lauderdale, FL (954) 776-9992 especialista en HIV.\" \/>\n<meta property=\"og:url\" content=\"https:\/\/infectionsmanaged.org\/es\/enfermedades-que-tratamos\/hiv-aids\/\" \/>\n<meta property=\"og:site_name\" content=\"Infections Managed\" \/>\n<meta property=\"article:publisher\" content=\"https:\/\/www.facebook.com\/infectionsmanaged\/\" \/>\n<meta property=\"article:modified_time\" content=\"2021-12-22T18:48:05+00:00\" \/>\n<meta name=\"twitter:card\" content=\"summary_large_image\" \/>\n<meta name=\"twitter:label1\" content=\"Tiempo de lectura\" \/>\n\t<meta name=\"twitter:data1\" content=\"3 minutos\" \/>\n<script type=\"application\/ld+json\" class=\"yoast-schema-graph\">{\"@context\":\"https:\/\/schema.org\",\"@graph\":[{\"@type\":\"WebPage\",\"@id\":\"https:\/\/infectionsmanaged.org\/es\/enfermedades-que-tratamos\/hiv-aids\/\",\"url\":\"https:\/\/infectionsmanaged.org\/es\/enfermedades-que-tratamos\/hiv-aids\/\",\"name\":\"Tratamiento VIH Fort Lauderdale | IM | Especialista en HIV\/AIDS\",\"isPartOf\":{\"@id\":\"https:\/\/infectionsmanaged.org\/#website\"},\"datePublished\":\"2017-08-31T12:44:30+00:00\",\"dateModified\":\"2021-12-22T18:48:05+00:00\",\"description\":\"Tratamiento de VIH. Pruebas de VIH para detecci\u00f3n y diagn\u00f3stico. 4800 NE 20 Terrace, St 115. Fort Lauderdale, FL (954) 776-9992 especialista en HIV.\",\"breadcrumb\":{\"@id\":\"https:\/\/infectionsmanaged.org\/es\/enfermedades-que-tratamos\/hiv-aids\/#breadcrumb\"},\"inLanguage\":\"es\",\"potentialAction\":[{\"@type\":\"ReadAction\",\"target\":[\"https:\/\/infectionsmanaged.org\/es\/enfermedades-que-tratamos\/hiv-aids\/\"]}]},{\"@type\":\"BreadcrumbList\",\"@id\":\"https:\/\/infectionsmanaged.org\/es\/enfermedades-que-tratamos\/hiv-aids\/#breadcrumb\",\"itemListElement\":[{\"@type\":\"ListItem\",\"position\":1,\"name\":\"Home\",\"item\":\"https:\/\/infectionsmanaged.org\/es\/\"},{\"@type\":\"ListItem\",\"position\":2,\"name\":\"Enfermedades \/ Condiciones que tratamos\",\"item\":\"https:\/\/infectionsmanaged.org\/es\/enfermedades-que-tratamos\/\"},{\"@type\":\"ListItem\",\"position\":3,\"name\":\"VIH\/SIDA\"}]},{\"@type\":\"WebSite\",\"@id\":\"https:\/\/infectionsmanaged.org\/#website\",\"url\":\"https:\/\/infectionsmanaged.org\/\",\"name\":\"Infections Managed\",\"description\":\"\",\"publisher\":{\"@id\":\"https:\/\/infectionsmanaged.org\/#organization\"},\"potentialAction\":[{\"@type\":\"SearchAction\",\"target\":{\"@type\":\"EntryPoint\",\"urlTemplate\":\"https:\/\/infectionsmanaged.org\/?s={search_term_string}\"},\"query-input\":{\"@type\":\"PropertyValueSpecification\",\"valueRequired\":true,\"valueName\":\"search_term_string\"}}],\"inLanguage\":\"es\"},{\"@type\":\"Organization\",\"@id\":\"https:\/\/infectionsmanaged.org\/#organization\",\"name\":\"Infections Managed\",\"url\":\"https:\/\/infectionsmanaged.org\/\",\"logo\":{\"@type\":\"ImageObject\",\"inLanguage\":\"es\",\"@id\":\"https:\/\/infectionsmanaged.org\/#\/schema\/logo\/image\/\",\"url\":\"https:\/\/infectionsmanaged.org\/wp-content\/uploads\/2017\/08\/logo-transp4.png\",\"contentUrl\":\"https:\/\/infectionsmanaged.org\/wp-content\/uploads\/2017\/08\/logo-transp4.png\",\"width\":450,\"height\":180,\"caption\":\"Infections Managed\"},\"image\":{\"@id\":\"https:\/\/infectionsmanaged.org\/#\/schema\/logo\/image\/\"},\"sameAs\":[\"https:\/\/www.facebook.com\/infectionsmanaged\/\",\"https:\/\/www.instagram.com\/drstephenrenae\/\",\"https:\/\/www.linkedin.com\/company\/infections-managed.-inc.\/\"]}]}<\/script>\n<!-- \/ Yoast SEO plugin. -->","yoast_head_json":{"title":"Tratamiento VIH Fort Lauderdale | IM | Especialista en HIV\/AIDS","description":"Tratamiento de VIH. Pruebas de VIH para detecci\u00f3n y diagn\u00f3stico. 4800 NE 20 Terrace, St 115. Fort Lauderdale, FL (954) 776-9992 especialista en HIV.","robots":{"index":"index","follow":"follow","max-snippet":"max-snippet:-1","max-image-preview":"max-image-preview:large","max-video-preview":"max-video-preview:-1"},"canonical":"https:\/\/infectionsmanaged.org\/es\/enfermedades-que-tratamos\/hiv-aids\/","og_locale":"es_ES","og_type":"article","og_title":"Tratamiento VIH Fort Lauderdale | IM | Especialista en HIV\/AIDS","og_description":"Tratamiento de VIH. Pruebas de VIH para detecci\u00f3n y diagn\u00f3stico. 4800 NE 20 Terrace, St 115. Fort Lauderdale, FL (954) 776-9992 especialista en HIV.","og_url":"https:\/\/infectionsmanaged.org\/es\/enfermedades-que-tratamos\/hiv-aids\/","og_site_name":"Infections Managed","article_publisher":"https:\/\/www.facebook.com\/infectionsmanaged\/","article_modified_time":"2021-12-22T18:48:05+00:00","twitter_card":"summary_large_image","twitter_misc":{"Tiempo de lectura":"3 minutos"},"schema":{"@context":"https:\/\/schema.org","@graph":[{"@type":"WebPage","@id":"https:\/\/infectionsmanaged.org\/es\/enfermedades-que-tratamos\/hiv-aids\/","url":"https:\/\/infectionsmanaged.org\/es\/enfermedades-que-tratamos\/hiv-aids\/","name":"Tratamiento VIH Fort Lauderdale | IM | Especialista en HIV\/AIDS","isPartOf":{"@id":"https:\/\/infectionsmanaged.org\/#website"},"datePublished":"2017-08-31T12:44:30+00:00","dateModified":"2021-12-22T18:48:05+00:00","description":"Tratamiento de VIH. Pruebas de VIH para detecci\u00f3n y diagn\u00f3stico. 4800 NE 20 Terrace, St 115. Fort Lauderdale, FL (954) 776-9992 especialista en HIV.","breadcrumb":{"@id":"https:\/\/infectionsmanaged.org\/es\/enfermedades-que-tratamos\/hiv-aids\/#breadcrumb"},"inLanguage":"es","potentialAction":[{"@type":"ReadAction","target":["https:\/\/infectionsmanaged.org\/es\/enfermedades-que-tratamos\/hiv-aids\/"]}]},{"@type":"BreadcrumbList","@id":"https:\/\/infectionsmanaged.org\/es\/enfermedades-que-tratamos\/hiv-aids\/#breadcrumb","itemListElement":[{"@type":"ListItem","position":1,"name":"Home","item":"https:\/\/infectionsmanaged.org\/es\/"},{"@type":"ListItem","position":2,"name":"Enfermedades \/ Condiciones que tratamos","item":"https:\/\/infectionsmanaged.org\/es\/enfermedades-que-tratamos\/"},{"@type":"ListItem","position":3,"name":"VIH\/SIDA"}]},{"@type":"WebSite","@id":"https:\/\/infectionsmanaged.org\/#website","url":"https:\/\/infectionsmanaged.org\/","name":"Infections Managed","description":"","publisher":{"@id":"https:\/\/infectionsmanaged.org\/#organization"},"potentialAction":[{"@type":"SearchAction","target":{"@type":"EntryPoint","urlTemplate":"https:\/\/infectionsmanaged.org\/?s={search_term_string}"},"query-input":{"@type":"PropertyValueSpecification","valueRequired":true,"valueName":"search_term_string"}}],"inLanguage":"es"},{"@type":"Organization","@id":"https:\/\/infectionsmanaged.org\/#organization","name":"Infections Managed","url":"https:\/\/infectionsmanaged.org\/","logo":{"@type":"ImageObject","inLanguage":"es","@id":"https:\/\/infectionsmanaged.org\/#\/schema\/logo\/image\/","url":"https:\/\/infectionsmanaged.org\/wp-content\/uploads\/2017\/08\/logo-transp4.png","contentUrl":"https:\/\/infectionsmanaged.org\/wp-content\/uploads\/2017\/08\/logo-transp4.png","width":450,"height":180,"caption":"Infections Managed"},"image":{"@id":"https:\/\/infectionsmanaged.org\/#\/schema\/logo\/image\/"},"sameAs":["https:\/\/www.facebook.com\/infectionsmanaged\/","https:\/\/www.instagram.com\/drstephenrenae\/","https:\/\/www.linkedin.com\/company\/infections-managed.-inc.\/"]}]}},"_links":{"self":[{"href":"https:\/\/infectionsmanaged.org\/es\/wp-json\/wp\/v2\/pages\/8767","targetHints":{"allow":["GET"]}}],"collection":[{"href":"https:\/\/infectionsmanaged.org\/es\/wp-json\/wp\/v2\/pages"}],"about":[{"href":"https:\/\/infectionsmanaged.org\/es\/wp-json\/wp\/v2\/types\/page"}],"author":[{"embeddable":true,"href":"https:\/\/infectionsmanaged.org\/es\/wp-json\/wp\/v2\/users\/3"}],"replies":[{"embeddable":true,"href":"https:\/\/infectionsmanaged.org\/es\/wp-json\/wp\/v2\/comments?post=8767"}],"version-history":[{"count":0,"href":"https:\/\/infectionsmanaged.org\/es\/wp-json\/wp\/v2\/pages\/8767\/revisions"}],"up":[{"embeddable":true,"href":"https:\/\/infectionsmanaged.org\/es\/wp-json\/wp\/v2\/pages\/8718"}],"wp:attachment":[{"href":"https:\/\/infectionsmanaged.org\/es\/wp-json\/wp\/v2\/media?parent=8767"}],"curies":[{"name":"wp","href":"https:\/\/api.w.org\/{rel}","templated":true}]}}