{"id":8761,"date":"2017-08-31T12:24:16","date_gmt":"2017-08-31T12:24:16","guid":{"rendered":"http:\/\/www.infectionsmanaged.com\/enfermedades-que-tratamos\/hepatitis-c\/"},"modified":"2021-12-22T16:41:38","modified_gmt":"2021-12-22T16:41:38","slug":"hepatitis-c","status":"publish","type":"page","link":"https:\/\/infectionsmanaged.org\/es\/enfermedades-que-tratamos\/hepatitis-c\/","title":{"rendered":"Hepatitis C"},"content":{"rendered":"\t\t<div data-elementor-type=\"wp-page\" data-elementor-id=\"8761\" class=\"elementor elementor-8761\" data-elementor-post-type=\"page\">\n\t\t\t\t\t\t<section class=\"elementor-section elementor-top-section elementor-element elementor-element-8033812 elementor-section-boxed elementor-section-height-default elementor-section-height-default\" data-id=\"8033812\" data-element_type=\"section\">\n\t\t\t\t\t\t<div class=\"elementor-container elementor-column-gap-default\">\n\t\t\t\t\t<div class=\"elementor-column elementor-col-100 elementor-top-column elementor-element elementor-element-4c5750f\" data-id=\"4c5750f\" data-element_type=\"column\">\n\t\t\t<div class=\"elementor-widget-wrap elementor-element-populated\">\n\t\t\t\t\t\t<div class=\"elementor-element elementor-element-0eb5bee elementor-widget elementor-widget-heading\" data-id=\"0eb5bee\" data-element_type=\"widget\" data-widget_type=\"heading.default\">\n\t\t\t\t<div class=\"elementor-widget-container\">\n\t\t\t\t\t<h2 class=\"elementor-heading-title elementor-size-default\">Hepatitis C<\/h2>\t\t\t\t<\/div>\n\t\t\t\t<\/div>\n\t\t\t\t<div class=\"elementor-element elementor-element-64132d8 elementor-widget-divider--view-line elementor-widget elementor-widget-divider\" data-id=\"64132d8\" data-element_type=\"widget\" data-widget_type=\"divider.default\">\n\t\t\t\t<div class=\"elementor-widget-container\">\n\t\t\t\t\t\t\t<div class=\"elementor-divider\">\n\t\t\t<span class=\"elementor-divider-separator\">\n\t\t\t\t\t\t<\/span>\n\t\t<\/div>\n\t\t\t\t\t\t<\/div>\n\t\t\t\t<\/div>\n\t\t\t\t<div class=\"elementor-element elementor-element-5e2f6ed elementor-widget elementor-widget-text-editor\" data-id=\"5e2f6ed\" data-element_type=\"widget\" data-widget_type=\"text-editor.default\">\n\t\t\t\t<div class=\"elementor-widget-container\">\n\t\t\t\t\t\t\t\t\t<h2>Qu\u00e9 es Hepatitis?<\/h2>\n\u201cHepatitis\u201d significa inflamaci\u00f3n del h\u00edgado. Las toxinas, ciertas drogas, algunas enfermedades, el consumo excesivo de alcohol y las infecciones bacterianas y virales pueden causar hepatitis. La hepatitis es el nombre de una familia de infecciones virales que afectan el h\u00edgado; los tipos m\u00e1s comunes son Hepatitis A, Hepatitis B y Hepatitis C.\n<h2>\u00bfCu\u00e1l es la diferencia entre Hepatitis A, Hepatitis B y Hepatitis C?<\/h2>\nLa hepatitis A, la hepatitis B y la hepatitis C son enfermedades causadas por tres virus diferentes. Aunque pueden manifestar s\u00edntomas similares, tienen diferentes modos de transmisi\u00f3n y pueden afectar al h\u00edgado de manera diferente. La hepatitis A aparece solo como una infecci\u00f3n aguda y no se vuelve cr\u00f3nica. Las personas con hepatitis A generalmente mejoran sin tratamiento. La hepatitis B y la Hepatitis C tambi\u00e9n pueden comenzar como infecciones agudas, pero en algunas personas, el virus permanece en el cuerpo, lo que deriva en enfermedades cr\u00f3nicas y problemas hep\u00e1ticos a largo plazo. Hay vacunas para prevenir la Hepatitis A y B; sin embargo, no hay uno para la Hepatitis C. Si una persona ha tenido un tipo de hepatitis viral en el pasado, a\u00fan es posible obtener los otros tipos.\n\n<h2>\u00bfQu\u00e9 es la Hepatitis C?<\/h2>\nLa hepatitis C es una enfermedad hep\u00e1tica contagiosa que var\u00eda en severidad desde una enfermedad leve que dura unas pocas semanas hasta una enfermedad grave de por vida que ataca el h\u00edgado. Es el resultado de la infecci\u00f3n con el virus de la hepatitis C (VHC), que se transmite principalmente a trav\u00e9s del contacto con la sangre de una persona infectada. La hepatitis C puede ser \u00abaguda\u00bb o \u00abcr\u00f3nica\u00bb.La infecci\u00f3n aguda por el virus de la hepatitis C es una enfermedad a corto plazo que ocurre dentro de los primeros 6 meses despu\u00e9s de que alguien se expone al virus de la hepatitis C. Para la mayor\u00eda de las personas, la infecci\u00f3n aguda conduce a una infecci\u00f3n cr\u00f3nica.\n\nLa infecci\u00f3n cr\u00f3nica por el virus de la hepatitis C es una enfermedad a largo plazo que ocurre cuando el virus de la hepatitis C permanece en el cuerpo de una persona. La infecci\u00f3n por el virus de la hepatitis C puede durar toda la vida y provocar problemas hep\u00e1ticos graves, que incluyen cirrosis (cicatrizaci\u00f3n del h\u00edgado) o c\u00e1ncer de h\u00edgado.\n<h2>\u00bfCu\u00e1les son los s\u00edntomas de la hepatitis C aguda?<\/h2>\nAproximadamente el 70% -80% de las personas con Hepatitis C aguda no tienen ning\u00fan s\u00edntoma. Algunas personas, sin embargo, pueden presentar s\u00edntomas de leves a severos poco despu\u00e9s de la infecci\u00f3n, que incluyen:\n<ul class=\"styled-list icon-accent2\">\n \t<li class=\" icon-b \" data-icon=\"\ue2d3\">Fiebre<\/li>\n \t<li class=\" icon-b \" data-icon=\"\ue2d3\">Fatiga<\/li>\n \t<li class=\" icon-b \" data-icon=\"\ue2d3\">P\u00e9rdida de apetito<\/li>\n \t<li class=\" icon-b \" data-icon=\"\ue2d3\">N\u00e1useas<\/li>\n \t<li class=\" icon-b \" data-icon=\"\ue2d3\">V\u00f3mito<\/li>\n \t<li class=\" icon-b \" data-icon=\"\ue2d3\">Dolor abdominal<\/li>\n \t<li class=\" icon-b \" data-icon=\"\ue2d3\">Orina oscura<\/li>\n \t<li class=\" icon-b \" data-icon=\"\ue2d3\">Intestinos de color arcilla<\/li>\n \t<li class=\" icon-b \" data-icon=\"\ue2d3\">Dolor en las articulaciones<\/li>\n \t<li class=\" icon-b \" data-icon=\"\ue2d3\">Ictericia (color amarillo en la piel o en los ojos)<\/li>\n<\/ul>\t\t\t\t\t\t\t\t<\/div>\n\t\t\t\t<\/div>\n\t\t\t\t<div class=\"elementor-element elementor-element-41ecc93 elementor-widget elementor-widget-button\" data-id=\"41ecc93\" data-element_type=\"widget\" data-widget_type=\"button.default\">\n\t\t\t\t<div class=\"elementor-widget-container\">\n\t\t\t\t\t\t\t\t\t<div class=\"elementor-button-wrapper\">\n\t\t\t\t\t<a class=\"elementor-button elementor-button-link elementor-size-sm\" href=\"https:\/\/infectionsmanaged.org\/schedule-an-appointment\/\">\n\t\t\t\t\t\t<span class=\"elementor-button-content-wrapper\">\n\t\t\t\t\t\t\t\t\t<span class=\"elementor-button-text\">Agende una cita<\/span>\n\t\t\t\t\t<\/span>\n\t\t\t\t\t<\/a>\n\t\t\t\t<\/div>\n\t\t\t\t\t\t\t\t<\/div>\n\t\t\t\t<\/div>\n\t\t\t\t\t<\/div>\n\t\t<\/div>\n\t\t\t\t\t<\/div>\n\t\t<\/section>\n\t\t\t\t<\/div>\n\t\t","protected":false},"excerpt":{"rendered":"<p>Hepatitis C Qu\u00e9 es Hepatitis? \u201cHepatitis\u201d significa inflamaci\u00f3n del h\u00edgado. Las toxinas, ciertas drogas, algunas enfermedades, el consumo excesivo de alcohol y las infecciones bacterianas y virales pueden causar hepatitis. La hepatitis es el nombre de una familia de infecciones virales que afectan el h\u00edgado; los tipos m\u00e1s comunes son Hepatitis A, Hepatitis B y [&hellip;]<\/p>\n","protected":false},"author":3,"featured_media":0,"parent":8718,"menu_order":1,"comment_status":"closed","ping_status":"closed","template":"","meta":{"footnotes":""},"class_list":["post-8761","page","type-page","status-publish","hentry"],"yoast_head":"<!-- This site is optimized with the Yoast SEO plugin v26.9 - https:\/\/yoast.com\/product\/yoast-seo-wordpress\/ -->\n<title>Hepatitis C tratamiento en Fort Lauderdale | Infections Managed<\/title>\n<meta name=\"description\" content=\"Tratamiento de hepatitis C en Fort Lauderdale. Dr. Stephen Renae, especialista en enfermedades infecciosas. Las toxinas, ciertas drogas, algunas enfermedades, el consumo excesivo de alcohol, las infecciones bacterianas y virales pueden causar hepatitis. Llame al (954) 776-9992 \/ Fort Lauderdale, FL.\" \/>\n<meta name=\"robots\" content=\"index, follow, max-snippet:-1, max-image-preview:large, max-video-preview:-1\" \/>\n<link rel=\"canonical\" href=\"https:\/\/infectionsmanaged.org\/es\/enfermedades-que-tratamos\/hepatitis-c\/\" \/>\n<meta property=\"og:locale\" content=\"es_ES\" \/>\n<meta property=\"og:type\" content=\"article\" \/>\n<meta property=\"og:title\" content=\"Hepatitis C tratamiento en Fort Lauderdale | Infections Managed\" \/>\n<meta property=\"og:description\" content=\"Tratamiento de hepatitis C en Fort Lauderdale. Dr. Stephen Renae, especialista en enfermedades infecciosas. Las toxinas, ciertas drogas, algunas enfermedades, el consumo excesivo de alcohol, las infecciones bacterianas y virales pueden causar hepatitis. Llame al (954) 776-9992 \/ Fort Lauderdale, FL.\" \/>\n<meta property=\"og:url\" content=\"https:\/\/infectionsmanaged.org\/es\/enfermedades-que-tratamos\/hepatitis-c\/\" \/>\n<meta property=\"og:site_name\" content=\"Infections Managed\" \/>\n<meta property=\"article:publisher\" content=\"https:\/\/www.facebook.com\/infectionsmanaged\/\" \/>\n<meta property=\"article:modified_time\" content=\"2021-12-22T16:41:38+00:00\" \/>\n<meta name=\"twitter:card\" content=\"summary_large_image\" \/>\n<meta name=\"twitter:label1\" content=\"Tiempo de lectura\" \/>\n\t<meta name=\"twitter:data1\" content=\"3 minutos\" \/>\n<script type=\"application\/ld+json\" class=\"yoast-schema-graph\">{\"@context\":\"https:\/\/schema.org\",\"@graph\":[{\"@type\":\"WebPage\",\"@id\":\"https:\/\/infectionsmanaged.org\/es\/enfermedades-que-tratamos\/hepatitis-c\/\",\"url\":\"https:\/\/infectionsmanaged.org\/es\/enfermedades-que-tratamos\/hepatitis-c\/\",\"name\":\"Hepatitis C tratamiento en Fort Lauderdale | Infections Managed\",\"isPartOf\":{\"@id\":\"https:\/\/infectionsmanaged.org\/#website\"},\"datePublished\":\"2017-08-31T12:24:16+00:00\",\"dateModified\":\"2021-12-22T16:41:38+00:00\",\"description\":\"Tratamiento de hepatitis C en Fort Lauderdale. Dr. Stephen Renae, especialista en enfermedades infecciosas. Las toxinas, ciertas drogas, algunas enfermedades, el consumo excesivo de alcohol, las infecciones bacterianas y virales pueden causar hepatitis. Llame al (954) 776-9992 \/ Fort Lauderdale, FL.\",\"breadcrumb\":{\"@id\":\"https:\/\/infectionsmanaged.org\/es\/enfermedades-que-tratamos\/hepatitis-c\/#breadcrumb\"},\"inLanguage\":\"es\",\"potentialAction\":[{\"@type\":\"ReadAction\",\"target\":[\"https:\/\/infectionsmanaged.org\/es\/enfermedades-que-tratamos\/hepatitis-c\/\"]}]},{\"@type\":\"BreadcrumbList\",\"@id\":\"https:\/\/infectionsmanaged.org\/es\/enfermedades-que-tratamos\/hepatitis-c\/#breadcrumb\",\"itemListElement\":[{\"@type\":\"ListItem\",\"position\":1,\"name\":\"Home\",\"item\":\"https:\/\/infectionsmanaged.org\/es\/\"},{\"@type\":\"ListItem\",\"position\":2,\"name\":\"Enfermedades \/ Condiciones que tratamos\",\"item\":\"https:\/\/infectionsmanaged.org\/es\/enfermedades-que-tratamos\/\"},{\"@type\":\"ListItem\",\"position\":3,\"name\":\"Hepatitis C\"}]},{\"@type\":\"WebSite\",\"@id\":\"https:\/\/infectionsmanaged.org\/#website\",\"url\":\"https:\/\/infectionsmanaged.org\/\",\"name\":\"Infections Managed\",\"description\":\"\",\"publisher\":{\"@id\":\"https:\/\/infectionsmanaged.org\/#organization\"},\"potentialAction\":[{\"@type\":\"SearchAction\",\"target\":{\"@type\":\"EntryPoint\",\"urlTemplate\":\"https:\/\/infectionsmanaged.org\/?s={search_term_string}\"},\"query-input\":{\"@type\":\"PropertyValueSpecification\",\"valueRequired\":true,\"valueName\":\"search_term_string\"}}],\"inLanguage\":\"es\"},{\"@type\":\"Organization\",\"@id\":\"https:\/\/infectionsmanaged.org\/#organization\",\"name\":\"Infections Managed\",\"url\":\"https:\/\/infectionsmanaged.org\/\",\"logo\":{\"@type\":\"ImageObject\",\"inLanguage\":\"es\",\"@id\":\"https:\/\/infectionsmanaged.org\/#\/schema\/logo\/image\/\",\"url\":\"https:\/\/infectionsmanaged.org\/wp-content\/uploads\/2017\/08\/logo-transp4.png\",\"contentUrl\":\"https:\/\/infectionsmanaged.org\/wp-content\/uploads\/2017\/08\/logo-transp4.png\",\"width\":450,\"height\":180,\"caption\":\"Infections Managed\"},\"image\":{\"@id\":\"https:\/\/infectionsmanaged.org\/#\/schema\/logo\/image\/\"},\"sameAs\":[\"https:\/\/www.facebook.com\/infectionsmanaged\/\",\"https:\/\/www.instagram.com\/drstephenrenae\/\",\"https:\/\/www.linkedin.com\/company\/infections-managed.-inc.\/\"]}]}<\/script>\n<!-- \/ Yoast SEO plugin. -->","yoast_head_json":{"title":"Hepatitis C tratamiento en Fort Lauderdale | Infections Managed","description":"Tratamiento de hepatitis C en Fort Lauderdale. Dr. Stephen Renae, especialista en enfermedades infecciosas. Las toxinas, ciertas drogas, algunas enfermedades, el consumo excesivo de alcohol, las infecciones bacterianas y virales pueden causar hepatitis. Llame al (954) 776-9992 \/ Fort Lauderdale, FL.","robots":{"index":"index","follow":"follow","max-snippet":"max-snippet:-1","max-image-preview":"max-image-preview:large","max-video-preview":"max-video-preview:-1"},"canonical":"https:\/\/infectionsmanaged.org\/es\/enfermedades-que-tratamos\/hepatitis-c\/","og_locale":"es_ES","og_type":"article","og_title":"Hepatitis C tratamiento en Fort Lauderdale | Infections Managed","og_description":"Tratamiento de hepatitis C en Fort Lauderdale. Dr. Stephen Renae, especialista en enfermedades infecciosas. Las toxinas, ciertas drogas, algunas enfermedades, el consumo excesivo de alcohol, las infecciones bacterianas y virales pueden causar hepatitis. Llame al (954) 776-9992 \/ Fort Lauderdale, FL.","og_url":"https:\/\/infectionsmanaged.org\/es\/enfermedades-que-tratamos\/hepatitis-c\/","og_site_name":"Infections Managed","article_publisher":"https:\/\/www.facebook.com\/infectionsmanaged\/","article_modified_time":"2021-12-22T16:41:38+00:00","twitter_card":"summary_large_image","twitter_misc":{"Tiempo de lectura":"3 minutos"},"schema":{"@context":"https:\/\/schema.org","@graph":[{"@type":"WebPage","@id":"https:\/\/infectionsmanaged.org\/es\/enfermedades-que-tratamos\/hepatitis-c\/","url":"https:\/\/infectionsmanaged.org\/es\/enfermedades-que-tratamos\/hepatitis-c\/","name":"Hepatitis C tratamiento en Fort Lauderdale | Infections Managed","isPartOf":{"@id":"https:\/\/infectionsmanaged.org\/#website"},"datePublished":"2017-08-31T12:24:16+00:00","dateModified":"2021-12-22T16:41:38+00:00","description":"Tratamiento de hepatitis C en Fort Lauderdale. Dr. Stephen Renae, especialista en enfermedades infecciosas. Las toxinas, ciertas drogas, algunas enfermedades, el consumo excesivo de alcohol, las infecciones bacterianas y virales pueden causar hepatitis. Llame al (954) 776-9992 \/ Fort Lauderdale, FL.","breadcrumb":{"@id":"https:\/\/infectionsmanaged.org\/es\/enfermedades-que-tratamos\/hepatitis-c\/#breadcrumb"},"inLanguage":"es","potentialAction":[{"@type":"ReadAction","target":["https:\/\/infectionsmanaged.org\/es\/enfermedades-que-tratamos\/hepatitis-c\/"]}]},{"@type":"BreadcrumbList","@id":"https:\/\/infectionsmanaged.org\/es\/enfermedades-que-tratamos\/hepatitis-c\/#breadcrumb","itemListElement":[{"@type":"ListItem","position":1,"name":"Home","item":"https:\/\/infectionsmanaged.org\/es\/"},{"@type":"ListItem","position":2,"name":"Enfermedades \/ Condiciones que tratamos","item":"https:\/\/infectionsmanaged.org\/es\/enfermedades-que-tratamos\/"},{"@type":"ListItem","position":3,"name":"Hepatitis C"}]},{"@type":"WebSite","@id":"https:\/\/infectionsmanaged.org\/#website","url":"https:\/\/infectionsmanaged.org\/","name":"Infections Managed","description":"","publisher":{"@id":"https:\/\/infectionsmanaged.org\/#organization"},"potentialAction":[{"@type":"SearchAction","target":{"@type":"EntryPoint","urlTemplate":"https:\/\/infectionsmanaged.org\/?s={search_term_string}"},"query-input":{"@type":"PropertyValueSpecification","valueRequired":true,"valueName":"search_term_string"}}],"inLanguage":"es"},{"@type":"Organization","@id":"https:\/\/infectionsmanaged.org\/#organization","name":"Infections Managed","url":"https:\/\/infectionsmanaged.org\/","logo":{"@type":"ImageObject","inLanguage":"es","@id":"https:\/\/infectionsmanaged.org\/#\/schema\/logo\/image\/","url":"https:\/\/infectionsmanaged.org\/wp-content\/uploads\/2017\/08\/logo-transp4.png","contentUrl":"https:\/\/infectionsmanaged.org\/wp-content\/uploads\/2017\/08\/logo-transp4.png","width":450,"height":180,"caption":"Infections Managed"},"image":{"@id":"https:\/\/infectionsmanaged.org\/#\/schema\/logo\/image\/"},"sameAs":["https:\/\/www.facebook.com\/infectionsmanaged\/","https:\/\/www.instagram.com\/drstephenrenae\/","https:\/\/www.linkedin.com\/company\/infections-managed.-inc.\/"]}]}},"_links":{"self":[{"href":"https:\/\/infectionsmanaged.org\/es\/wp-json\/wp\/v2\/pages\/8761","targetHints":{"allow":["GET"]}}],"collection":[{"href":"https:\/\/infectionsmanaged.org\/es\/wp-json\/wp\/v2\/pages"}],"about":[{"href":"https:\/\/infectionsmanaged.org\/es\/wp-json\/wp\/v2\/types\/page"}],"author":[{"embeddable":true,"href":"https:\/\/infectionsmanaged.org\/es\/wp-json\/wp\/v2\/users\/3"}],"replies":[{"embeddable":true,"href":"https:\/\/infectionsmanaged.org\/es\/wp-json\/wp\/v2\/comments?post=8761"}],"version-history":[{"count":0,"href":"https:\/\/infectionsmanaged.org\/es\/wp-json\/wp\/v2\/pages\/8761\/revisions"}],"up":[{"embeddable":true,"href":"https:\/\/infectionsmanaged.org\/es\/wp-json\/wp\/v2\/pages\/8718"}],"wp:attachment":[{"href":"https:\/\/infectionsmanaged.org\/es\/wp-json\/wp\/v2\/media?parent=8761"}],"curies":[{"name":"wp","href":"https:\/\/api.w.org\/{rel}","templated":true}]}}