{"id":8756,"date":"2017-08-31T12:18:43","date_gmt":"2017-08-31T12:18:43","guid":{"rendered":"http:\/\/www.infectionsmanaged.com\/enfermedades-que-tratamos\/hepatitis-b\/"},"modified":"2021-12-22T16:32:34","modified_gmt":"2021-12-22T16:32:34","slug":"hepatitis-b","status":"publish","type":"page","link":"https:\/\/infectionsmanaged.org\/es\/enfermedades-que-tratamos\/hepatitis-b\/","title":{"rendered":"Hepatitis B"},"content":{"rendered":"\t\t<div data-elementor-type=\"wp-page\" data-elementor-id=\"8756\" class=\"elementor elementor-8756\" data-elementor-post-type=\"page\">\n\t\t\t\t\t\t<section class=\"elementor-section elementor-top-section elementor-element elementor-element-cb3188c elementor-section-boxed elementor-section-height-default elementor-section-height-default\" data-id=\"cb3188c\" data-element_type=\"section\">\n\t\t\t\t\t\t<div class=\"elementor-container elementor-column-gap-default\">\n\t\t\t\t\t<div class=\"elementor-column elementor-col-100 elementor-top-column elementor-element elementor-element-ff52bb9\" data-id=\"ff52bb9\" data-element_type=\"column\">\n\t\t\t<div class=\"elementor-widget-wrap elementor-element-populated\">\n\t\t\t\t\t\t<div class=\"elementor-element elementor-element-d08a1f1 elementor-widget elementor-widget-heading\" data-id=\"d08a1f1\" data-element_type=\"widget\" data-widget_type=\"heading.default\">\n\t\t\t\t<div class=\"elementor-widget-container\">\n\t\t\t\t\t<h2 class=\"elementor-heading-title elementor-size-default\">Hepatitis B<\/h2>\t\t\t\t<\/div>\n\t\t\t\t<\/div>\n\t\t\t\t<div class=\"elementor-element elementor-element-a822801 elementor-widget-divider--view-line elementor-widget elementor-widget-divider\" data-id=\"a822801\" data-element_type=\"widget\" data-widget_type=\"divider.default\">\n\t\t\t\t<div class=\"elementor-widget-container\">\n\t\t\t\t\t\t\t<div class=\"elementor-divider\">\n\t\t\t<span class=\"elementor-divider-separator\">\n\t\t\t\t\t\t<\/span>\n\t\t<\/div>\n\t\t\t\t\t\t<\/div>\n\t\t\t\t<\/div>\n\t\t\t\t<div class=\"elementor-element elementor-element-40b8c8f elementor-widget elementor-widget-text-editor\" data-id=\"40b8c8f\" data-element_type=\"widget\" data-widget_type=\"text-editor.default\">\n\t\t\t\t<div class=\"elementor-widget-container\">\n\t\t\t\t\t\t\t\t\t<h2>Hepatitis B (CDC)<\/h2><p>El t\u00e9rmino \u00abhepatitis\u00bb se usa para describir una forma com\u00fan de lesi\u00f3n hep\u00e1tica. Hepatitis significa \u00abinflamaci\u00f3n del h\u00edgado\u00bb (el sufijo \u00abitis\u00bb significa inflamaci\u00f3n y \u00abhepa\u00bb significa h\u00edgado). La hepatitis B es un tipo espec\u00edfico de hepatitis que es causada por un virus.<\/p><p>Se estima que<span class=\"highlight light\"> hay m\u00e1s de 250 millones de portadores del virus de la hepatitis B en el mundo<\/span>, con m\u00e1s de 500,000 que mueren anualmente por enfermedad hep\u00e1tica relacionada con la hepatitis B.<\/p><p>Afortunadamente, hay varios medicamentos disponibles para el tratamiento de la hepatitis B cr\u00f3nica, y la infecci\u00f3n por hepatitis B se puede prevenir mediante la vacunaci\u00f3n. Las vacunas contra la hepatitis B son seguras y altamente efectivas\u00a0 y actualmente se administran rutinariamente a reci\u00e9n nacidos y ni\u00f1os en los Estados Unidos y en muchos otros pa\u00edses.<\/p><p>La mayor\u00eda de las personas infectadas con hepatitis B\u00a0 se recuperan por completo, incluso si sus signos y s\u00edntomas son graves. Los beb\u00e9s y ni\u00f1os son m\u00e1s propensos a desarrollar una infecci\u00f3n cr\u00f3nica de hepatitis B. Si est\u00e1 infectado, tomar ciertas precauciones puede ayudar a prevenir la transmisi\u00f3n del VHB a otras personas.<\/p><h2>Cu\u00e1les son los s\u00edntomas de la Hepatitis B?<\/h2><p><strong>La hepatitis B no siempre causa s\u00edntomas<\/strong>. Muchas personas pueden vivir con hepatitis B durante d\u00e9cadas sin sentirse enfermas. Si y cuando aparecen los s\u00edntomas, pueden incluir:<\/p><ul class=\"styled-list icon-accent2\"><li class=\" icon-b \" data-icon=\"\ue2d3\">Fiebre<\/li><li class=\" icon-b \" data-icon=\"\ue2d3\">Fatiga<\/li><li class=\" icon-b \" data-icon=\"\ue2d3\">P\u00e9rdida de apetito<\/li><li class=\" icon-b \" data-icon=\"\ue2d3\">N\u00e1usea<\/li><li class=\" icon-b \" data-icon=\"\ue2d3\">Vomitando<\/li><li class=\" icon-b \" data-icon=\"\ue2d3\">Dolor abdominal<\/li><li class=\" icon-b \" data-icon=\"\ue2d3\">Orina oscura<\/li><li class=\" icon-b \" data-icon=\"\ue2d3\">Deposiciones de color arcilla<\/li><li class=\" icon-b \" data-icon=\"\ue2d3\">Dolor en las articulaciones<\/li><li class=\" icon-b \" data-icon=\"\ue2d3\">Ictericia (color amarillo en la piel o los ojos)<\/li><\/ul><div class=\"row \">\u00a0<\/div><article id=\"post-8756\" class=\"right-only post-8756 page type-page status-publish\"><div class=\"page-content\"><div class=\"push\">\u00a0<\/div><\/div><\/article><aside class=\"right\"><\/aside>\t\t\t\t\t\t\t\t<\/div>\n\t\t\t\t<\/div>\n\t\t\t\t<div class=\"elementor-element elementor-element-6bc72ae elementor-widget elementor-widget-button\" data-id=\"6bc72ae\" data-element_type=\"widget\" data-widget_type=\"button.default\">\n\t\t\t\t<div class=\"elementor-widget-container\">\n\t\t\t\t\t\t\t\t\t<div class=\"elementor-button-wrapper\">\n\t\t\t\t\t<a class=\"elementor-button elementor-button-link elementor-size-sm\" href=\"https:\/\/infectionsmanaged.org\/schedule-an-appointment\/\">\n\t\t\t\t\t\t<span class=\"elementor-button-content-wrapper\">\n\t\t\t\t\t\t\t\t\t<span class=\"elementor-button-text\">Agende una cita<\/span>\n\t\t\t\t\t<\/span>\n\t\t\t\t\t<\/a>\n\t\t\t\t<\/div>\n\t\t\t\t\t\t\t\t<\/div>\n\t\t\t\t<\/div>\n\t\t\t\t\t<\/div>\n\t\t<\/div>\n\t\t\t\t\t<\/div>\n\t\t<\/section>\n\t\t\t\t<\/div>\n\t\t","protected":false},"excerpt":{"rendered":"<p>Hepatitis B Hepatitis B (CDC) El t\u00e9rmino \u00abhepatitis\u00bb se usa para describir una forma com\u00fan de lesi\u00f3n hep\u00e1tica. Hepatitis significa \u00abinflamaci\u00f3n del h\u00edgado\u00bb (el sufijo \u00abitis\u00bb significa inflamaci\u00f3n y \u00abhepa\u00bb significa h\u00edgado). La hepatitis B es un tipo espec\u00edfico de hepatitis que es causada por un virus. Se estima que hay m\u00e1s de 250 millones [&hellip;]<\/p>\n","protected":false},"author":3,"featured_media":0,"parent":8718,"menu_order":1,"comment_status":"closed","ping_status":"closed","template":"","meta":{"footnotes":""},"class_list":["post-8756","page","type-page","status-publish","hentry"],"yoast_head":"<!-- This site is optimized with the Yoast SEO plugin v26.9 - https:\/\/yoast.com\/product\/yoast-seo-wordpress\/ -->\n<title>Hepatitis B tratamiento en Fort Lauderdale | Infections Managed<\/title>\n<meta name=\"robots\" content=\"index, follow, max-snippet:-1, max-image-preview:large, max-video-preview:-1\" \/>\n<link rel=\"canonical\" href=\"https:\/\/infectionsmanaged.org\/es\/enfermedades-que-tratamos\/hepatitis-b\/\" \/>\n<meta property=\"og:locale\" content=\"es_ES\" \/>\n<meta property=\"og:type\" content=\"article\" \/>\n<meta property=\"og:title\" content=\"Hepatitis B tratamiento en Fort Lauderdale | Infections Managed\" \/>\n<meta property=\"og:description\" content=\"Hepatitis B Hepatitis B (CDC) El t\u00e9rmino \u00abhepatitis\u00bb se usa para describir una forma com\u00fan de lesi\u00f3n hep\u00e1tica. Hepatitis significa \u00abinflamaci\u00f3n del h\u00edgado\u00bb (el sufijo \u00abitis\u00bb significa inflamaci\u00f3n y \u00abhepa\u00bb significa h\u00edgado). La hepatitis B es un tipo espec\u00edfico de hepatitis que es causada por un virus. Se estima que hay m\u00e1s de 250 millones [&hellip;]\" \/>\n<meta property=\"og:url\" content=\"https:\/\/infectionsmanaged.org\/es\/enfermedades-que-tratamos\/hepatitis-b\/\" \/>\n<meta property=\"og:site_name\" content=\"Infections Managed\" \/>\n<meta property=\"article:publisher\" content=\"https:\/\/www.facebook.com\/infectionsmanaged\/\" \/>\n<meta property=\"article:modified_time\" content=\"2021-12-22T16:32:34+00:00\" \/>\n<meta name=\"twitter:card\" content=\"summary_large_image\" \/>\n<meta name=\"twitter:label1\" content=\"Tiempo de lectura\" \/>\n\t<meta name=\"twitter:data1\" content=\"2 minutos\" \/>\n<script type=\"application\/ld+json\" class=\"yoast-schema-graph\">{\"@context\":\"https:\/\/schema.org\",\"@graph\":[{\"@type\":\"WebPage\",\"@id\":\"https:\/\/infectionsmanaged.org\/es\/enfermedades-que-tratamos\/hepatitis-b\/\",\"url\":\"https:\/\/infectionsmanaged.org\/es\/enfermedades-que-tratamos\/hepatitis-b\/\",\"name\":\"Hepatitis B tratamiento en Fort Lauderdale | Infections Managed\",\"isPartOf\":{\"@id\":\"https:\/\/infectionsmanaged.org\/#website\"},\"datePublished\":\"2017-08-31T12:18:43+00:00\",\"dateModified\":\"2021-12-22T16:32:34+00:00\",\"breadcrumb\":{\"@id\":\"https:\/\/infectionsmanaged.org\/es\/enfermedades-que-tratamos\/hepatitis-b\/#breadcrumb\"},\"inLanguage\":\"es\",\"potentialAction\":[{\"@type\":\"ReadAction\",\"target\":[\"https:\/\/infectionsmanaged.org\/es\/enfermedades-que-tratamos\/hepatitis-b\/\"]}]},{\"@type\":\"BreadcrumbList\",\"@id\":\"https:\/\/infectionsmanaged.org\/es\/enfermedades-que-tratamos\/hepatitis-b\/#breadcrumb\",\"itemListElement\":[{\"@type\":\"ListItem\",\"position\":1,\"name\":\"Home\",\"item\":\"https:\/\/infectionsmanaged.org\/es\/\"},{\"@type\":\"ListItem\",\"position\":2,\"name\":\"Enfermedades \/ Condiciones que tratamos\",\"item\":\"https:\/\/infectionsmanaged.org\/es\/enfermedades-que-tratamos\/\"},{\"@type\":\"ListItem\",\"position\":3,\"name\":\"Hepatitis B\"}]},{\"@type\":\"WebSite\",\"@id\":\"https:\/\/infectionsmanaged.org\/#website\",\"url\":\"https:\/\/infectionsmanaged.org\/\",\"name\":\"Infections Managed\",\"description\":\"\",\"publisher\":{\"@id\":\"https:\/\/infectionsmanaged.org\/#organization\"},\"potentialAction\":[{\"@type\":\"SearchAction\",\"target\":{\"@type\":\"EntryPoint\",\"urlTemplate\":\"https:\/\/infectionsmanaged.org\/?s={search_term_string}\"},\"query-input\":{\"@type\":\"PropertyValueSpecification\",\"valueRequired\":true,\"valueName\":\"search_term_string\"}}],\"inLanguage\":\"es\"},{\"@type\":\"Organization\",\"@id\":\"https:\/\/infectionsmanaged.org\/#organization\",\"name\":\"Infections Managed\",\"url\":\"https:\/\/infectionsmanaged.org\/\",\"logo\":{\"@type\":\"ImageObject\",\"inLanguage\":\"es\",\"@id\":\"https:\/\/infectionsmanaged.org\/#\/schema\/logo\/image\/\",\"url\":\"https:\/\/infectionsmanaged.org\/wp-content\/uploads\/2017\/08\/logo-transp4.png\",\"contentUrl\":\"https:\/\/infectionsmanaged.org\/wp-content\/uploads\/2017\/08\/logo-transp4.png\",\"width\":450,\"height\":180,\"caption\":\"Infections Managed\"},\"image\":{\"@id\":\"https:\/\/infectionsmanaged.org\/#\/schema\/logo\/image\/\"},\"sameAs\":[\"https:\/\/www.facebook.com\/infectionsmanaged\/\",\"https:\/\/www.instagram.com\/drstephenrenae\/\",\"https:\/\/www.linkedin.com\/company\/infections-managed.-inc.\/\"]}]}<\/script>\n<!-- \/ Yoast SEO plugin. -->","yoast_head_json":{"title":"Hepatitis B tratamiento en Fort Lauderdale | Infections Managed","robots":{"index":"index","follow":"follow","max-snippet":"max-snippet:-1","max-image-preview":"max-image-preview:large","max-video-preview":"max-video-preview:-1"},"canonical":"https:\/\/infectionsmanaged.org\/es\/enfermedades-que-tratamos\/hepatitis-b\/","og_locale":"es_ES","og_type":"article","og_title":"Hepatitis B tratamiento en Fort Lauderdale | Infections Managed","og_description":"Hepatitis B Hepatitis B (CDC) El t\u00e9rmino \u00abhepatitis\u00bb se usa para describir una forma com\u00fan de lesi\u00f3n hep\u00e1tica. Hepatitis significa \u00abinflamaci\u00f3n del h\u00edgado\u00bb (el sufijo \u00abitis\u00bb significa inflamaci\u00f3n y \u00abhepa\u00bb significa h\u00edgado). La hepatitis B es un tipo espec\u00edfico de hepatitis que es causada por un virus. Se estima que hay m\u00e1s de 250 millones [&hellip;]","og_url":"https:\/\/infectionsmanaged.org\/es\/enfermedades-que-tratamos\/hepatitis-b\/","og_site_name":"Infections Managed","article_publisher":"https:\/\/www.facebook.com\/infectionsmanaged\/","article_modified_time":"2021-12-22T16:32:34+00:00","twitter_card":"summary_large_image","twitter_misc":{"Tiempo de lectura":"2 minutos"},"schema":{"@context":"https:\/\/schema.org","@graph":[{"@type":"WebPage","@id":"https:\/\/infectionsmanaged.org\/es\/enfermedades-que-tratamos\/hepatitis-b\/","url":"https:\/\/infectionsmanaged.org\/es\/enfermedades-que-tratamos\/hepatitis-b\/","name":"Hepatitis B tratamiento en Fort Lauderdale | Infections Managed","isPartOf":{"@id":"https:\/\/infectionsmanaged.org\/#website"},"datePublished":"2017-08-31T12:18:43+00:00","dateModified":"2021-12-22T16:32:34+00:00","breadcrumb":{"@id":"https:\/\/infectionsmanaged.org\/es\/enfermedades-que-tratamos\/hepatitis-b\/#breadcrumb"},"inLanguage":"es","potentialAction":[{"@type":"ReadAction","target":["https:\/\/infectionsmanaged.org\/es\/enfermedades-que-tratamos\/hepatitis-b\/"]}]},{"@type":"BreadcrumbList","@id":"https:\/\/infectionsmanaged.org\/es\/enfermedades-que-tratamos\/hepatitis-b\/#breadcrumb","itemListElement":[{"@type":"ListItem","position":1,"name":"Home","item":"https:\/\/infectionsmanaged.org\/es\/"},{"@type":"ListItem","position":2,"name":"Enfermedades \/ Condiciones que tratamos","item":"https:\/\/infectionsmanaged.org\/es\/enfermedades-que-tratamos\/"},{"@type":"ListItem","position":3,"name":"Hepatitis B"}]},{"@type":"WebSite","@id":"https:\/\/infectionsmanaged.org\/#website","url":"https:\/\/infectionsmanaged.org\/","name":"Infections Managed","description":"","publisher":{"@id":"https:\/\/infectionsmanaged.org\/#organization"},"potentialAction":[{"@type":"SearchAction","target":{"@type":"EntryPoint","urlTemplate":"https:\/\/infectionsmanaged.org\/?s={search_term_string}"},"query-input":{"@type":"PropertyValueSpecification","valueRequired":true,"valueName":"search_term_string"}}],"inLanguage":"es"},{"@type":"Organization","@id":"https:\/\/infectionsmanaged.org\/#organization","name":"Infections Managed","url":"https:\/\/infectionsmanaged.org\/","logo":{"@type":"ImageObject","inLanguage":"es","@id":"https:\/\/infectionsmanaged.org\/#\/schema\/logo\/image\/","url":"https:\/\/infectionsmanaged.org\/wp-content\/uploads\/2017\/08\/logo-transp4.png","contentUrl":"https:\/\/infectionsmanaged.org\/wp-content\/uploads\/2017\/08\/logo-transp4.png","width":450,"height":180,"caption":"Infections Managed"},"image":{"@id":"https:\/\/infectionsmanaged.org\/#\/schema\/logo\/image\/"},"sameAs":["https:\/\/www.facebook.com\/infectionsmanaged\/","https:\/\/www.instagram.com\/drstephenrenae\/","https:\/\/www.linkedin.com\/company\/infections-managed.-inc.\/"]}]}},"_links":{"self":[{"href":"https:\/\/infectionsmanaged.org\/es\/wp-json\/wp\/v2\/pages\/8756","targetHints":{"allow":["GET"]}}],"collection":[{"href":"https:\/\/infectionsmanaged.org\/es\/wp-json\/wp\/v2\/pages"}],"about":[{"href":"https:\/\/infectionsmanaged.org\/es\/wp-json\/wp\/v2\/types\/page"}],"author":[{"embeddable":true,"href":"https:\/\/infectionsmanaged.org\/es\/wp-json\/wp\/v2\/users\/3"}],"replies":[{"embeddable":true,"href":"https:\/\/infectionsmanaged.org\/es\/wp-json\/wp\/v2\/comments?post=8756"}],"version-history":[{"count":0,"href":"https:\/\/infectionsmanaged.org\/es\/wp-json\/wp\/v2\/pages\/8756\/revisions"}],"up":[{"embeddable":true,"href":"https:\/\/infectionsmanaged.org\/es\/wp-json\/wp\/v2\/pages\/8718"}],"wp:attachment":[{"href":"https:\/\/infectionsmanaged.org\/es\/wp-json\/wp\/v2\/media?parent=8756"}],"curies":[{"name":"wp","href":"https:\/\/api.w.org\/{rel}","templated":true}]}}