{"id":8747,"date":"2017-08-29T11:41:07","date_gmt":"2017-08-29T11:41:07","guid":{"rendered":"http:\/\/www.infectionsmanaged.com\/enfermedades-que-tratamos\/clostridium-difficile-infection\/"},"modified":"2021-12-22T16:43:34","modified_gmt":"2021-12-22T16:43:34","slug":"clostridium-difficile-infection","status":"publish","type":"page","link":"https:\/\/infectionsmanaged.org\/es\/enfermedades-que-tratamos\/clostridium-difficile-infection\/","title":{"rendered":"Infecci\u00f3n por Clostridium difficile (CDiff)"},"content":{"rendered":"\t\t<div data-elementor-type=\"wp-page\" data-elementor-id=\"8747\" class=\"elementor elementor-8747\" data-elementor-post-type=\"page\">\n\t\t\t\t\t\t<section class=\"elementor-section elementor-top-section elementor-element elementor-element-3ec907e elementor-section-boxed elementor-section-height-default elementor-section-height-default\" data-id=\"3ec907e\" data-element_type=\"section\">\n\t\t\t\t\t\t<div class=\"elementor-container elementor-column-gap-default\">\n\t\t\t\t\t<div class=\"elementor-column elementor-col-100 elementor-top-column elementor-element elementor-element-e204fb1\" data-id=\"e204fb1\" data-element_type=\"column\">\n\t\t\t<div class=\"elementor-widget-wrap elementor-element-populated\">\n\t\t\t\t\t\t<div class=\"elementor-element elementor-element-745a6df elementor-widget elementor-widget-heading\" data-id=\"745a6df\" data-element_type=\"widget\" data-widget_type=\"heading.default\">\n\t\t\t\t<div class=\"elementor-widget-container\">\n\t\t\t\t\t<h2 class=\"elementor-heading-title elementor-size-default\">Infecci\u00f3n por Clostridium difficile (CDiff)<\/h2>\t\t\t\t<\/div>\n\t\t\t\t<\/div>\n\t\t\t\t<div class=\"elementor-element elementor-element-1a7a6a5 elementor-widget-divider--view-line elementor-widget elementor-widget-divider\" data-id=\"1a7a6a5\" data-element_type=\"widget\" data-widget_type=\"divider.default\">\n\t\t\t\t<div class=\"elementor-widget-container\">\n\t\t\t\t\t\t\t<div class=\"elementor-divider\">\n\t\t\t<span class=\"elementor-divider-separator\">\n\t\t\t\t\t\t<\/span>\n\t\t<\/div>\n\t\t\t\t\t\t<\/div>\n\t\t\t\t<\/div>\n\t\t\t\t<div class=\"elementor-element elementor-element-9961f2c elementor-widget elementor-widget-text-editor\" data-id=\"9961f2c\" data-element_type=\"widget\" data-widget_type=\"text-editor.default\">\n\t\t\t\t<div class=\"elementor-widget-container\">\n\t\t\t\t\t\t\t\t\t<div class=\"row \"><div id=\"wpv-column-96bc9ddc463d0a60f50bb80aa9a0dd1b\" class=\"wpv-grid grid-1-1 first unextended animation-from-left animated-active animation-ended\"><h2>\u00bfQu\u00e9 es Clostridium difficile?<\/h2><p><strong>Clostridium difficile<\/strong> o <strong>C. diff<\/strong>., es un tipo de bacteria que habita en los intestinos de muchas personas. Para estas personas, la C. diff. forma parte del equilibrio normal de bacterias que viven en los intestinos. Tambi\u00e9n se encuentra presente en el medio ambiente, en el suelo, en el agua y en las heces de los animales.<\/p><p>La mayor\u00eda de las personas nunca llegan a experimentar ning\u00fan problema con la C. diff. Pero si algo desequilibra los intestinos, la C. diff. puede comenzar a crecer de forma descontrolada. Las bacterias comienzan a liberar toxinas que atacan el revestimiento de los intestinos. Esto es lo que conduce a los s\u00edntomas de la infecci\u00f3n C. diff.<\/p><\/div><\/div><div class=\"row \"><div id=\"wpv-column-6fdaf13c2d77dd232fcec84a941ebab5\" class=\"wpv-grid grid-1-1 first unextended animation-from-right animated-active animation-ended\"><h2>C Diff S\u00edntomas<\/h2><p>La mayor\u00eda de los casos de infecci\u00f3n por C. diff se dan en pacientes que toman antibi\u00f3ticos. Los s\u00edntomas m\u00e1s comunes de una infecci\u00f3n por C. diff incluyen:<\/p><ul class=\"styled-list  icon-accent2\"><li class=\" icon-b \" data-icon=\"\ue2d3\">Diarrea l\u00edquida<\/li><li class=\" icon-b \" data-icon=\"\ue2d3\">Fiebre<\/li><li class=\" icon-b \" data-icon=\"\ue2d3\">P\u00e9rdida de apetito<\/li><li class=\" icon-b \" data-icon=\"\ue2d3\">N\u00e1usea<\/li><li class=\" icon-b \" data-icon=\"\ue2d3\">Dolor en el vientre<\/li><\/ul><\/div><\/div><div class=\"row \">\u00a0<\/div>\t\t\t\t\t\t\t\t<\/div>\n\t\t\t\t<\/div>\n\t\t\t\t<div class=\"elementor-element elementor-element-917f951 elementor-widget elementor-widget-button\" data-id=\"917f951\" data-element_type=\"widget\" data-widget_type=\"button.default\">\n\t\t\t\t<div class=\"elementor-widget-container\">\n\t\t\t\t\t\t\t\t\t<div class=\"elementor-button-wrapper\">\n\t\t\t\t\t<a class=\"elementor-button elementor-button-link elementor-size-sm\" href=\"https:\/\/infectionsmanaged.org\/schedule-an-appointment\/\">\n\t\t\t\t\t\t<span class=\"elementor-button-content-wrapper\">\n\t\t\t\t\t\t\t\t\t<span class=\"elementor-button-text\">Agende una cita<\/span>\n\t\t\t\t\t<\/span>\n\t\t\t\t\t<\/a>\n\t\t\t\t<\/div>\n\t\t\t\t\t\t\t\t<\/div>\n\t\t\t\t<\/div>\n\t\t\t\t\t<\/div>\n\t\t<\/div>\n\t\t\t\t\t<\/div>\n\t\t<\/section>\n\t\t\t\t<\/div>\n\t\t","protected":false},"excerpt":{"rendered":"<p>Infecci\u00f3n por Clostridium difficile (CDiff) \u00bfQu\u00e9 es Clostridium difficile? Clostridium difficile o C. diff., es un tipo de bacteria que habita en los intestinos de muchas personas. Para estas personas, la C. diff. forma parte del equilibrio normal de bacterias que viven en los intestinos. Tambi\u00e9n se encuentra presente en el medio ambiente, en el [&hellip;]<\/p>\n","protected":false},"author":3,"featured_media":0,"parent":8718,"menu_order":1,"comment_status":"closed","ping_status":"closed","template":"","meta":{"footnotes":""},"class_list":["post-8747","page","type-page","status-publish","hentry"],"yoast_head":"<!-- This site is optimized with the Yoast SEO plugin v26.9 - https:\/\/yoast.com\/product\/yoast-seo-wordpress\/ -->\n<title>Infecci\u00f3n por Clostridium difficile (CDiff) | Infections Managed<\/title>\n<meta name=\"robots\" content=\"index, follow, max-snippet:-1, max-image-preview:large, max-video-preview:-1\" \/>\n<link rel=\"canonical\" href=\"https:\/\/infectionsmanaged.org\/es\/enfermedades-que-tratamos\/clostridium-difficile-infection\/\" \/>\n<meta property=\"og:locale\" content=\"es_ES\" \/>\n<meta property=\"og:type\" content=\"article\" \/>\n<meta property=\"og:title\" content=\"Infecci\u00f3n por Clostridium difficile (CDiff) | Infections Managed\" \/>\n<meta property=\"og:description\" content=\"Infecci\u00f3n por Clostridium difficile (CDiff) \u00bfQu\u00e9 es Clostridium difficile? Clostridium difficile o C. diff., es un tipo de bacteria que habita en los intestinos de muchas personas. Para estas personas, la C. diff. forma parte del equilibrio normal de bacterias que viven en los intestinos. Tambi\u00e9n se encuentra presente en el medio ambiente, en el [&hellip;]\" \/>\n<meta property=\"og:url\" content=\"https:\/\/infectionsmanaged.org\/es\/enfermedades-que-tratamos\/clostridium-difficile-infection\/\" \/>\n<meta property=\"og:site_name\" content=\"Infections Managed\" \/>\n<meta property=\"article:publisher\" content=\"https:\/\/www.facebook.com\/infectionsmanaged\/\" \/>\n<meta property=\"article:modified_time\" content=\"2021-12-22T16:43:34+00:00\" \/>\n<meta name=\"twitter:card\" content=\"summary_large_image\" \/>\n<meta name=\"twitter:label1\" content=\"Tiempo de lectura\" \/>\n\t<meta name=\"twitter:data1\" content=\"1 minuto\" \/>\n<script type=\"application\/ld+json\" class=\"yoast-schema-graph\">{\"@context\":\"https:\/\/schema.org\",\"@graph\":[{\"@type\":\"WebPage\",\"@id\":\"https:\/\/infectionsmanaged.org\/es\/enfermedades-que-tratamos\/clostridium-difficile-infection\/\",\"url\":\"https:\/\/infectionsmanaged.org\/es\/enfermedades-que-tratamos\/clostridium-difficile-infection\/\",\"name\":\"Infecci\u00f3n por Clostridium difficile (CDiff) | Infections Managed\",\"isPartOf\":{\"@id\":\"https:\/\/infectionsmanaged.org\/#website\"},\"datePublished\":\"2017-08-29T11:41:07+00:00\",\"dateModified\":\"2021-12-22T16:43:34+00:00\",\"breadcrumb\":{\"@id\":\"https:\/\/infectionsmanaged.org\/es\/enfermedades-que-tratamos\/clostridium-difficile-infection\/#breadcrumb\"},\"inLanguage\":\"es\",\"potentialAction\":[{\"@type\":\"ReadAction\",\"target\":[\"https:\/\/infectionsmanaged.org\/es\/enfermedades-que-tratamos\/clostridium-difficile-infection\/\"]}]},{\"@type\":\"BreadcrumbList\",\"@id\":\"https:\/\/infectionsmanaged.org\/es\/enfermedades-que-tratamos\/clostridium-difficile-infection\/#breadcrumb\",\"itemListElement\":[{\"@type\":\"ListItem\",\"position\":1,\"name\":\"Home\",\"item\":\"https:\/\/infectionsmanaged.org\/es\/\"},{\"@type\":\"ListItem\",\"position\":2,\"name\":\"Enfermedades \/ Condiciones que tratamos\",\"item\":\"https:\/\/infectionsmanaged.org\/es\/enfermedades-que-tratamos\/\"},{\"@type\":\"ListItem\",\"position\":3,\"name\":\"Infecci\u00f3n por Clostridium difficile (CDiff)\"}]},{\"@type\":\"WebSite\",\"@id\":\"https:\/\/infectionsmanaged.org\/#website\",\"url\":\"https:\/\/infectionsmanaged.org\/\",\"name\":\"Infections Managed\",\"description\":\"\",\"publisher\":{\"@id\":\"https:\/\/infectionsmanaged.org\/#organization\"},\"potentialAction\":[{\"@type\":\"SearchAction\",\"target\":{\"@type\":\"EntryPoint\",\"urlTemplate\":\"https:\/\/infectionsmanaged.org\/?s={search_term_string}\"},\"query-input\":{\"@type\":\"PropertyValueSpecification\",\"valueRequired\":true,\"valueName\":\"search_term_string\"}}],\"inLanguage\":\"es\"},{\"@type\":\"Organization\",\"@id\":\"https:\/\/infectionsmanaged.org\/#organization\",\"name\":\"Infections Managed\",\"url\":\"https:\/\/infectionsmanaged.org\/\",\"logo\":{\"@type\":\"ImageObject\",\"inLanguage\":\"es\",\"@id\":\"https:\/\/infectionsmanaged.org\/#\/schema\/logo\/image\/\",\"url\":\"https:\/\/infectionsmanaged.org\/wp-content\/uploads\/2017\/08\/logo-transp4.png\",\"contentUrl\":\"https:\/\/infectionsmanaged.org\/wp-content\/uploads\/2017\/08\/logo-transp4.png\",\"width\":450,\"height\":180,\"caption\":\"Infections Managed\"},\"image\":{\"@id\":\"https:\/\/infectionsmanaged.org\/#\/schema\/logo\/image\/\"},\"sameAs\":[\"https:\/\/www.facebook.com\/infectionsmanaged\/\",\"https:\/\/www.instagram.com\/drstephenrenae\/\",\"https:\/\/www.linkedin.com\/company\/infections-managed.-inc.\/\"]}]}<\/script>\n<!-- \/ Yoast SEO plugin. -->","yoast_head_json":{"title":"Infecci\u00f3n por Clostridium difficile (CDiff) | Infections Managed","robots":{"index":"index","follow":"follow","max-snippet":"max-snippet:-1","max-image-preview":"max-image-preview:large","max-video-preview":"max-video-preview:-1"},"canonical":"https:\/\/infectionsmanaged.org\/es\/enfermedades-que-tratamos\/clostridium-difficile-infection\/","og_locale":"es_ES","og_type":"article","og_title":"Infecci\u00f3n por Clostridium difficile (CDiff) | Infections Managed","og_description":"Infecci\u00f3n por Clostridium difficile (CDiff) \u00bfQu\u00e9 es Clostridium difficile? Clostridium difficile o C. diff., es un tipo de bacteria que habita en los intestinos de muchas personas. Para estas personas, la C. diff. forma parte del equilibrio normal de bacterias que viven en los intestinos. Tambi\u00e9n se encuentra presente en el medio ambiente, en el [&hellip;]","og_url":"https:\/\/infectionsmanaged.org\/es\/enfermedades-que-tratamos\/clostridium-difficile-infection\/","og_site_name":"Infections Managed","article_publisher":"https:\/\/www.facebook.com\/infectionsmanaged\/","article_modified_time":"2021-12-22T16:43:34+00:00","twitter_card":"summary_large_image","twitter_misc":{"Tiempo de lectura":"1 minuto"},"schema":{"@context":"https:\/\/schema.org","@graph":[{"@type":"WebPage","@id":"https:\/\/infectionsmanaged.org\/es\/enfermedades-que-tratamos\/clostridium-difficile-infection\/","url":"https:\/\/infectionsmanaged.org\/es\/enfermedades-que-tratamos\/clostridium-difficile-infection\/","name":"Infecci\u00f3n por Clostridium difficile (CDiff) | Infections Managed","isPartOf":{"@id":"https:\/\/infectionsmanaged.org\/#website"},"datePublished":"2017-08-29T11:41:07+00:00","dateModified":"2021-12-22T16:43:34+00:00","breadcrumb":{"@id":"https:\/\/infectionsmanaged.org\/es\/enfermedades-que-tratamos\/clostridium-difficile-infection\/#breadcrumb"},"inLanguage":"es","potentialAction":[{"@type":"ReadAction","target":["https:\/\/infectionsmanaged.org\/es\/enfermedades-que-tratamos\/clostridium-difficile-infection\/"]}]},{"@type":"BreadcrumbList","@id":"https:\/\/infectionsmanaged.org\/es\/enfermedades-que-tratamos\/clostridium-difficile-infection\/#breadcrumb","itemListElement":[{"@type":"ListItem","position":1,"name":"Home","item":"https:\/\/infectionsmanaged.org\/es\/"},{"@type":"ListItem","position":2,"name":"Enfermedades \/ Condiciones que tratamos","item":"https:\/\/infectionsmanaged.org\/es\/enfermedades-que-tratamos\/"},{"@type":"ListItem","position":3,"name":"Infecci\u00f3n por Clostridium difficile (CDiff)"}]},{"@type":"WebSite","@id":"https:\/\/infectionsmanaged.org\/#website","url":"https:\/\/infectionsmanaged.org\/","name":"Infections Managed","description":"","publisher":{"@id":"https:\/\/infectionsmanaged.org\/#organization"},"potentialAction":[{"@type":"SearchAction","target":{"@type":"EntryPoint","urlTemplate":"https:\/\/infectionsmanaged.org\/?s={search_term_string}"},"query-input":{"@type":"PropertyValueSpecification","valueRequired":true,"valueName":"search_term_string"}}],"inLanguage":"es"},{"@type":"Organization","@id":"https:\/\/infectionsmanaged.org\/#organization","name":"Infections Managed","url":"https:\/\/infectionsmanaged.org\/","logo":{"@type":"ImageObject","inLanguage":"es","@id":"https:\/\/infectionsmanaged.org\/#\/schema\/logo\/image\/","url":"https:\/\/infectionsmanaged.org\/wp-content\/uploads\/2017\/08\/logo-transp4.png","contentUrl":"https:\/\/infectionsmanaged.org\/wp-content\/uploads\/2017\/08\/logo-transp4.png","width":450,"height":180,"caption":"Infections Managed"},"image":{"@id":"https:\/\/infectionsmanaged.org\/#\/schema\/logo\/image\/"},"sameAs":["https:\/\/www.facebook.com\/infectionsmanaged\/","https:\/\/www.instagram.com\/drstephenrenae\/","https:\/\/www.linkedin.com\/company\/infections-managed.-inc.\/"]}]}},"_links":{"self":[{"href":"https:\/\/infectionsmanaged.org\/es\/wp-json\/wp\/v2\/pages\/8747","targetHints":{"allow":["GET"]}}],"collection":[{"href":"https:\/\/infectionsmanaged.org\/es\/wp-json\/wp\/v2\/pages"}],"about":[{"href":"https:\/\/infectionsmanaged.org\/es\/wp-json\/wp\/v2\/types\/page"}],"author":[{"embeddable":true,"href":"https:\/\/infectionsmanaged.org\/es\/wp-json\/wp\/v2\/users\/3"}],"replies":[{"embeddable":true,"href":"https:\/\/infectionsmanaged.org\/es\/wp-json\/wp\/v2\/comments?post=8747"}],"version-history":[{"count":0,"href":"https:\/\/infectionsmanaged.org\/es\/wp-json\/wp\/v2\/pages\/8747\/revisions"}],"up":[{"embeddable":true,"href":"https:\/\/infectionsmanaged.org\/es\/wp-json\/wp\/v2\/pages\/8718"}],"wp:attachment":[{"href":"https:\/\/infectionsmanaged.org\/es\/wp-json\/wp\/v2\/media?parent=8747"}],"curies":[{"name":"wp","href":"https:\/\/api.w.org\/{rel}","templated":true}]}}