{"id":8691,"date":"2017-08-31T10:25:55","date_gmt":"2017-08-31T10:25:55","guid":{"rendered":"http:\/\/www.infectionsmanaged.com\/sobre-nosotros\/medical-staff\/"},"modified":"2021-12-22T19:10:31","modified_gmt":"2021-12-22T19:10:31","slug":"staff-medico","status":"publish","type":"page","link":"https:\/\/infectionsmanaged.org\/es\/sobre-nosotros\/staff-medico\/","title":{"rendered":"Staff M\u00e9dico"},"content":{"rendered":"\t\t<div data-elementor-type=\"wp-page\" data-elementor-id=\"8691\" class=\"elementor elementor-8691\" data-elementor-post-type=\"page\">\n\t\t\t\t\t\t<section class=\"elementor-section elementor-top-section elementor-element elementor-element-961b96f elementor-section-boxed elementor-section-height-default elementor-section-height-default\" data-id=\"961b96f\" data-element_type=\"section\">\n\t\t\t\t\t\t<div class=\"elementor-container elementor-column-gap-default\">\n\t\t\t\t\t<div class=\"elementor-column elementor-col-100 elementor-top-column elementor-element elementor-element-58db28d\" data-id=\"58db28d\" data-element_type=\"column\">\n\t\t\t<div class=\"elementor-widget-wrap elementor-element-populated\">\n\t\t\t\t\t\t<div class=\"elementor-element elementor-element-442c2db elementor-widget elementor-widget-heading\" data-id=\"442c2db\" data-element_type=\"widget\" data-widget_type=\"heading.default\">\n\t\t\t\t<div class=\"elementor-widget-container\">\n\t\t\t\t\t<h2 class=\"elementor-heading-title elementor-size-default\">Staff M\u00e9dico<\/h2>\t\t\t\t<\/div>\n\t\t\t\t<\/div>\n\t\t\t\t<div class=\"elementor-element elementor-element-8544561 elementor-widget-divider--view-line elementor-widget elementor-widget-divider\" data-id=\"8544561\" data-element_type=\"widget\" data-widget_type=\"divider.default\">\n\t\t\t\t<div class=\"elementor-widget-container\">\n\t\t\t\t\t\t\t<div class=\"elementor-divider\">\n\t\t\t<span class=\"elementor-divider-separator\">\n\t\t\t\t\t\t<\/span>\n\t\t<\/div>\n\t\t\t\t\t\t<\/div>\n\t\t\t\t<\/div>\n\t\t\t\t<div class=\"elementor-element elementor-element-674d2b2 elementor-widget elementor-widget-text-editor\" data-id=\"674d2b2\" data-element_type=\"widget\" data-widget_type=\"text-editor.default\">\n\t\t\t\t<div class=\"elementor-widget-container\">\n\t\t\t\t\t\t\t\t\t\n\t\t\t\t\t\t\t\t<\/div>\n\t\t\t\t<\/div>\n\t\t\t\t\t<\/div>\n\t\t<\/div>\n\t\t\t\t\t<\/div>\n\t\t<\/section>\n\t\t\t\t<section class=\"elementor-section elementor-top-section elementor-element elementor-element-4d3ab8b elementor-section-boxed elementor-section-height-default elementor-section-height-default\" data-id=\"4d3ab8b\" data-element_type=\"section\">\n\t\t\t\t\t\t<div class=\"elementor-container elementor-column-gap-default\">\n\t\t\t\t\t<div class=\"elementor-column elementor-col-50 elementor-top-column elementor-element elementor-element-210afc9\" data-id=\"210afc9\" data-element_type=\"column\">\n\t\t\t<div class=\"elementor-widget-wrap elementor-element-populated\">\n\t\t\t\t\t\t<div class=\"elementor-element elementor-element-3580315 elementor-widget elementor-widget-image\" data-id=\"3580315\" data-element_type=\"widget\" data-widget_type=\"image.default\">\n\t\t\t\t<div class=\"elementor-widget-container\">\n\t\t\t\t\t\t\t\t\t\t\t\t\t\t\t<img decoding=\"async\" src=\"https:\/\/infectionsmanaged.org\/wp-content\/uploads\/2017\/08\/stephenbio-300x293.jpg\" title=\"\" alt=\"\" loading=\"lazy\" \/>\t\t\t\t\t\t\t\t\t\t\t\t\t\t\t<\/div>\n\t\t\t\t<\/div>\n\t\t\t\t\t<\/div>\n\t\t<\/div>\n\t\t\t\t<div class=\"elementor-column elementor-col-50 elementor-top-column elementor-element elementor-element-600e3af\" data-id=\"600e3af\" data-element_type=\"column\">\n\t\t\t<div class=\"elementor-widget-wrap elementor-element-populated\">\n\t\t\t\t\t\t<div class=\"elementor-element elementor-element-ba8c963 elementor-widget elementor-widget-text-editor\" data-id=\"ba8c963\" data-element_type=\"widget\" data-widget_type=\"text-editor.default\">\n\t\t\t\t<div class=\"elementor-widget-container\">\n\t\t\t\t\t\t\t\t\t<p id=\"caption-attachment-8180\" class=\"wp-caption-text\">Dr Stephen A. Renae, M.D. FACP<\/p>\n\n<h2>Dr Stephen A. Renae, M.D. FACP<\/h2>\n<strong>Especialista en enfermedades infecciosas \u2013 Fundador de Infections Managed, INC<\/strong>\n\nEl Dr. Stephen A. Renae, M. D. ha ejercido la pr\u00e1ctica m\u00e9dica en FL. desde 1993. En noviembre de 2010, luego de gratificantes a\u00f1os de trabajo en grupo, fund\u00f3  I. M. , al que considera \u00abun sue\u00f1o hecho realidad\u00bb.  Atender a sus pacientes de distintas maneras, acompa\u00f1arlos sus desaf\u00edos, ya sea haciendo un diagn\u00f3stico, gui\u00e1ndolos a trav\u00e9s del complejo sistema m\u00e9dico actual o simplemente escuchando cuando se enfrentan a una lucha en la vida siempre ha sido su objetivo.\n\n\u00c9l define a I. M. como una pr\u00e1ctica m\u00e9dica independiente para el tratamiento de enfermedades infecciosas, donde su fortaleza es el trabajo con las tecnolog\u00edas m\u00e1s recientes, procurando crear en todo momento una experiencia centrada en el cliente.  Esto significa un tratamiento integral de vanguardia para los pacientes de manera hol\u00edstica, entendiendo que somos una combinaci\u00f3n de mente, cuerpo, emoci\u00f3n y esp\u00edritu.\t\t\t\t\t\t\t\t<\/div>\n\t\t\t\t<\/div>\n\t\t\t\t\t<\/div>\n\t\t<\/div>\n\t\t\t\t\t<\/div>\n\t\t<\/section>\n\t\t\t\t<section class=\"elementor-section elementor-top-section elementor-element elementor-element-6d1c413 elementor-section-boxed elementor-section-height-default elementor-section-height-default\" data-id=\"6d1c413\" data-element_type=\"section\">\n\t\t\t\t\t\t<div class=\"elementor-container elementor-column-gap-default\">\n\t\t\t\t\t<div class=\"elementor-column elementor-col-50 elementor-top-column elementor-element elementor-element-bd4d4a5\" data-id=\"bd4d4a5\" data-element_type=\"column\">\n\t\t\t<div class=\"elementor-widget-wrap elementor-element-populated\">\n\t\t\t\t\t\t<div class=\"elementor-element elementor-element-d5745fb elementor-widget elementor-widget-image\" data-id=\"d5745fb\" data-element_type=\"widget\" data-widget_type=\"image.default\">\n\t\t\t\t<div class=\"elementor-widget-container\">\n\t\t\t\t\t\t\t\t\t\t\t\t\t\t\t<img decoding=\"async\" src=\"https:\/\/infectionsmanaged.org\/wp-content\/uploads\/2017\/08\/phs-300x296.jpg\" title=\"\" alt=\"\" loading=\"lazy\" \/>\t\t\t\t\t\t\t\t\t\t\t\t\t\t\t<\/div>\n\t\t\t\t<\/div>\n\t\t\t\t<div class=\"elementor-element elementor-element-ec11b94 elementor-widget elementor-widget-button\" data-id=\"ec11b94\" data-element_type=\"widget\" data-widget_type=\"button.default\">\n\t\t\t\t<div class=\"elementor-widget-container\">\n\t\t\t\t\t\t\t\t\t<div class=\"elementor-button-wrapper\">\n\t\t\t\t\t<a class=\"elementor-button elementor-button-link elementor-size-sm\" href=\"https:\/\/infectionsmanaged.org\/schedule-an-appointment\/\">\n\t\t\t\t\t\t<span class=\"elementor-button-content-wrapper\">\n\t\t\t\t\t\t\t\t\t<span class=\"elementor-button-text\">Agende una cita<\/span>\n\t\t\t\t\t<\/span>\n\t\t\t\t\t<\/a>\n\t\t\t\t<\/div>\n\t\t\t\t\t\t\t\t<\/div>\n\t\t\t\t<\/div>\n\t\t\t\t\t<\/div>\n\t\t<\/div>\n\t\t\t\t<div class=\"elementor-column elementor-col-50 elementor-top-column elementor-element elementor-element-ac46083\" data-id=\"ac46083\" data-element_type=\"column\">\n\t\t\t<div class=\"elementor-widget-wrap elementor-element-populated\">\n\t\t\t\t\t\t<div class=\"elementor-element elementor-element-99a7893 elementor-widget elementor-widget-text-editor\" data-id=\"99a7893\" data-element_type=\"widget\" data-widget_type=\"text-editor.default\">\n\t\t\t\t<div class=\"elementor-widget-container\">\n\t\t\t\t\t\t\t\t\t<p id=\"caption-attachment-8413\" class=\"wp-caption-text\">Yandy Palenzuela-Rodriguez PA-C M.M.S. : Physician Assistant<\/p>\n\n<h2>Yandy Palenzuela-Rodriguez PA-C M.M.S.<\/h2>\n<strong>Asistente m\u00e9dico<\/strong>\n\nYandy es asistente m\u00e9dico biling\u00fce (espa\u00f1ol) especializado en el manejo de enfermedades infecciosas. Recibi\u00f3 su \u00abmaster of medical science in Physician Assistant studies\u00bb de la Nova Southeastern University luego de servir en el ej\u00e9rcito de los EE. UU. Yandy cree que la atenci\u00f3n personalizada centrada en el paciente es la clave para ayudar a nuestros clientes a administrar su salud.\t\t\t\t\t\t\t\t<\/div>\n\t\t\t\t<\/div>\n\t\t\t\t\t<\/div>\n\t\t<\/div>\n\t\t\t\t\t<\/div>\n\t\t<\/section>\n\t\t\t\t<\/div>\n\t\t","protected":false},"excerpt":{"rendered":"<p>Staff M\u00e9dico Dr Stephen A. Renae, M.D. FACP Dr Stephen A. Renae, M.D. FACP Especialista en enfermedades infecciosas \u2013 Fundador de Infections Managed, INC El Dr. Stephen A. Renae, M. D. ha ejercido la pr\u00e1ctica m\u00e9dica en FL. desde 1993. En noviembre de 2010, luego de gratificantes a\u00f1os de trabajo en grupo, fund\u00f3 I. M. [&hellip;]<\/p>\n","protected":false},"author":3,"featured_media":0,"parent":8673,"menu_order":1,"comment_status":"closed","ping_status":"closed","template":"","meta":{"footnotes":""},"class_list":["post-8691","page","type-page","status-publish","hentry"],"yoast_head":"<!-- This site is optimized with the Yoast SEO plugin v26.9 - https:\/\/yoast.com\/product\/yoast-seo-wordpress\/ -->\n<title>Staff M\u00e9dico | Infections Managed | M\u00e9dico infect\u00f3logo<\/title>\n<meta name=\"description\" content=\"M\u00e9dico especialista en infecciones en Fort Lauderdale. Dr Stephen A. Renae, M.D. FACP. Infect\u00f3logo - Founder. (954) 776-9992\" \/>\n<meta name=\"robots\" content=\"index, follow, max-snippet:-1, max-image-preview:large, max-video-preview:-1\" \/>\n<link rel=\"canonical\" href=\"https:\/\/infectionsmanaged.org\/es\/sobre-nosotros\/staff-medico\/\" \/>\n<meta property=\"og:locale\" content=\"es_ES\" \/>\n<meta property=\"og:type\" content=\"article\" \/>\n<meta property=\"og:title\" content=\"Staff M\u00e9dico | Infections Managed | M\u00e9dico infect\u00f3logo\" \/>\n<meta property=\"og:description\" content=\"M\u00e9dico especialista en infecciones en Fort Lauderdale. Dr Stephen A. Renae, M.D. FACP. Infect\u00f3logo - Founder. (954) 776-9992\" \/>\n<meta property=\"og:url\" content=\"https:\/\/infectionsmanaged.org\/es\/sobre-nosotros\/staff-medico\/\" \/>\n<meta property=\"og:site_name\" content=\"Infections Managed\" \/>\n<meta property=\"article:publisher\" content=\"https:\/\/www.facebook.com\/infectionsmanaged\/\" \/>\n<meta property=\"article:modified_time\" content=\"2021-12-22T19:10:31+00:00\" \/>\n<meta property=\"og:image\" content=\"https:\/\/infectionsmanaged.org\/wp-content\/uploads\/2017\/08\/stephenbio-300x293.jpg\" \/>\n<meta name=\"twitter:card\" content=\"summary_large_image\" \/>\n<meta name=\"twitter:label1\" content=\"Tiempo de lectura\" \/>\n\t<meta name=\"twitter:data1\" content=\"2 minutos\" \/>\n<script type=\"application\/ld+json\" class=\"yoast-schema-graph\">{\"@context\":\"https:\/\/schema.org\",\"@graph\":[{\"@type\":\"WebPage\",\"@id\":\"https:\/\/infectionsmanaged.org\/es\/sobre-nosotros\/staff-medico\/\",\"url\":\"https:\/\/infectionsmanaged.org\/es\/sobre-nosotros\/staff-medico\/\",\"name\":\"Staff M\u00e9dico | Infections Managed | M\u00e9dico infect\u00f3logo\",\"isPartOf\":{\"@id\":\"https:\/\/infectionsmanaged.org\/#website\"},\"primaryImageOfPage\":{\"@id\":\"https:\/\/infectionsmanaged.org\/es\/sobre-nosotros\/staff-medico\/#primaryimage\"},\"image\":{\"@id\":\"https:\/\/infectionsmanaged.org\/es\/sobre-nosotros\/staff-medico\/#primaryimage\"},\"thumbnailUrl\":\"https:\/\/infectionsmanaged.org\/wp-content\/uploads\/2017\/08\/stephenbio-300x293.jpg\",\"datePublished\":\"2017-08-31T10:25:55+00:00\",\"dateModified\":\"2021-12-22T19:10:31+00:00\",\"description\":\"M\u00e9dico especialista en infecciones en Fort Lauderdale. Dr Stephen A. Renae, M.D. FACP. Infect\u00f3logo - Founder. (954) 776-9992\",\"breadcrumb\":{\"@id\":\"https:\/\/infectionsmanaged.org\/es\/sobre-nosotros\/staff-medico\/#breadcrumb\"},\"inLanguage\":\"es\",\"potentialAction\":[{\"@type\":\"ReadAction\",\"target\":[\"https:\/\/infectionsmanaged.org\/es\/sobre-nosotros\/staff-medico\/\"]}]},{\"@type\":\"ImageObject\",\"inLanguage\":\"es\",\"@id\":\"https:\/\/infectionsmanaged.org\/es\/sobre-nosotros\/staff-medico\/#primaryimage\",\"url\":\"https:\/\/infectionsmanaged.org\/wp-content\/uploads\/2017\/08\/stephenbio-300x293.jpg\",\"contentUrl\":\"https:\/\/infectionsmanaged.org\/wp-content\/uploads\/2017\/08\/stephenbio-300x293.jpg\"},{\"@type\":\"BreadcrumbList\",\"@id\":\"https:\/\/infectionsmanaged.org\/es\/sobre-nosotros\/staff-medico\/#breadcrumb\",\"itemListElement\":[{\"@type\":\"ListItem\",\"position\":1,\"name\":\"Home\",\"item\":\"https:\/\/infectionsmanaged.org\/es\/\"},{\"@type\":\"ListItem\",\"position\":2,\"name\":\"Sobre Nosotros\",\"item\":\"https:\/\/infectionsmanaged.org\/es\/sobre-nosotros\/\"},{\"@type\":\"ListItem\",\"position\":3,\"name\":\"Staff M\u00e9dico\"}]},{\"@type\":\"WebSite\",\"@id\":\"https:\/\/infectionsmanaged.org\/#website\",\"url\":\"https:\/\/infectionsmanaged.org\/\",\"name\":\"Infections Managed\",\"description\":\"\",\"publisher\":{\"@id\":\"https:\/\/infectionsmanaged.org\/#organization\"},\"potentialAction\":[{\"@type\":\"SearchAction\",\"target\":{\"@type\":\"EntryPoint\",\"urlTemplate\":\"https:\/\/infectionsmanaged.org\/?s={search_term_string}\"},\"query-input\":{\"@type\":\"PropertyValueSpecification\",\"valueRequired\":true,\"valueName\":\"search_term_string\"}}],\"inLanguage\":\"es\"},{\"@type\":\"Organization\",\"@id\":\"https:\/\/infectionsmanaged.org\/#organization\",\"name\":\"Infections Managed\",\"url\":\"https:\/\/infectionsmanaged.org\/\",\"logo\":{\"@type\":\"ImageObject\",\"inLanguage\":\"es\",\"@id\":\"https:\/\/infectionsmanaged.org\/#\/schema\/logo\/image\/\",\"url\":\"https:\/\/infectionsmanaged.org\/wp-content\/uploads\/2017\/08\/logo-transp4.png\",\"contentUrl\":\"https:\/\/infectionsmanaged.org\/wp-content\/uploads\/2017\/08\/logo-transp4.png\",\"width\":450,\"height\":180,\"caption\":\"Infections Managed\"},\"image\":{\"@id\":\"https:\/\/infectionsmanaged.org\/#\/schema\/logo\/image\/\"},\"sameAs\":[\"https:\/\/www.facebook.com\/infectionsmanaged\/\",\"https:\/\/www.instagram.com\/drstephenrenae\/\",\"https:\/\/www.linkedin.com\/company\/infections-managed.-inc.\/\"]}]}<\/script>\n<!-- \/ Yoast SEO plugin. -->","yoast_head_json":{"title":"Staff M\u00e9dico | Infections Managed | M\u00e9dico infect\u00f3logo","description":"M\u00e9dico especialista en infecciones en Fort Lauderdale. Dr Stephen A. Renae, M.D. FACP. Infect\u00f3logo - Founder. (954) 776-9992","robots":{"index":"index","follow":"follow","max-snippet":"max-snippet:-1","max-image-preview":"max-image-preview:large","max-video-preview":"max-video-preview:-1"},"canonical":"https:\/\/infectionsmanaged.org\/es\/sobre-nosotros\/staff-medico\/","og_locale":"es_ES","og_type":"article","og_title":"Staff M\u00e9dico | Infections Managed | M\u00e9dico infect\u00f3logo","og_description":"M\u00e9dico especialista en infecciones en Fort Lauderdale. Dr Stephen A. Renae, M.D. FACP. Infect\u00f3logo - Founder. (954) 776-9992","og_url":"https:\/\/infectionsmanaged.org\/es\/sobre-nosotros\/staff-medico\/","og_site_name":"Infections Managed","article_publisher":"https:\/\/www.facebook.com\/infectionsmanaged\/","article_modified_time":"2021-12-22T19:10:31+00:00","og_image":[{"url":"https:\/\/infectionsmanaged.org\/wp-content\/uploads\/2017\/08\/stephenbio-300x293.jpg","type":"","width":"","height":""}],"twitter_card":"summary_large_image","twitter_misc":{"Tiempo de lectura":"2 minutos"},"schema":{"@context":"https:\/\/schema.org","@graph":[{"@type":"WebPage","@id":"https:\/\/infectionsmanaged.org\/es\/sobre-nosotros\/staff-medico\/","url":"https:\/\/infectionsmanaged.org\/es\/sobre-nosotros\/staff-medico\/","name":"Staff M\u00e9dico | Infections Managed | M\u00e9dico infect\u00f3logo","isPartOf":{"@id":"https:\/\/infectionsmanaged.org\/#website"},"primaryImageOfPage":{"@id":"https:\/\/infectionsmanaged.org\/es\/sobre-nosotros\/staff-medico\/#primaryimage"},"image":{"@id":"https:\/\/infectionsmanaged.org\/es\/sobre-nosotros\/staff-medico\/#primaryimage"},"thumbnailUrl":"https:\/\/infectionsmanaged.org\/wp-content\/uploads\/2017\/08\/stephenbio-300x293.jpg","datePublished":"2017-08-31T10:25:55+00:00","dateModified":"2021-12-22T19:10:31+00:00","description":"M\u00e9dico especialista en infecciones en Fort Lauderdale. Dr Stephen A. Renae, M.D. FACP. Infect\u00f3logo - Founder. (954) 776-9992","breadcrumb":{"@id":"https:\/\/infectionsmanaged.org\/es\/sobre-nosotros\/staff-medico\/#breadcrumb"},"inLanguage":"es","potentialAction":[{"@type":"ReadAction","target":["https:\/\/infectionsmanaged.org\/es\/sobre-nosotros\/staff-medico\/"]}]},{"@type":"ImageObject","inLanguage":"es","@id":"https:\/\/infectionsmanaged.org\/es\/sobre-nosotros\/staff-medico\/#primaryimage","url":"https:\/\/infectionsmanaged.org\/wp-content\/uploads\/2017\/08\/stephenbio-300x293.jpg","contentUrl":"https:\/\/infectionsmanaged.org\/wp-content\/uploads\/2017\/08\/stephenbio-300x293.jpg"},{"@type":"BreadcrumbList","@id":"https:\/\/infectionsmanaged.org\/es\/sobre-nosotros\/staff-medico\/#breadcrumb","itemListElement":[{"@type":"ListItem","position":1,"name":"Home","item":"https:\/\/infectionsmanaged.org\/es\/"},{"@type":"ListItem","position":2,"name":"Sobre Nosotros","item":"https:\/\/infectionsmanaged.org\/es\/sobre-nosotros\/"},{"@type":"ListItem","position":3,"name":"Staff M\u00e9dico"}]},{"@type":"WebSite","@id":"https:\/\/infectionsmanaged.org\/#website","url":"https:\/\/infectionsmanaged.org\/","name":"Infections Managed","description":"","publisher":{"@id":"https:\/\/infectionsmanaged.org\/#organization"},"potentialAction":[{"@type":"SearchAction","target":{"@type":"EntryPoint","urlTemplate":"https:\/\/infectionsmanaged.org\/?s={search_term_string}"},"query-input":{"@type":"PropertyValueSpecification","valueRequired":true,"valueName":"search_term_string"}}],"inLanguage":"es"},{"@type":"Organization","@id":"https:\/\/infectionsmanaged.org\/#organization","name":"Infections Managed","url":"https:\/\/infectionsmanaged.org\/","logo":{"@type":"ImageObject","inLanguage":"es","@id":"https:\/\/infectionsmanaged.org\/#\/schema\/logo\/image\/","url":"https:\/\/infectionsmanaged.org\/wp-content\/uploads\/2017\/08\/logo-transp4.png","contentUrl":"https:\/\/infectionsmanaged.org\/wp-content\/uploads\/2017\/08\/logo-transp4.png","width":450,"height":180,"caption":"Infections Managed"},"image":{"@id":"https:\/\/infectionsmanaged.org\/#\/schema\/logo\/image\/"},"sameAs":["https:\/\/www.facebook.com\/infectionsmanaged\/","https:\/\/www.instagram.com\/drstephenrenae\/","https:\/\/www.linkedin.com\/company\/infections-managed.-inc.\/"]}]}},"_links":{"self":[{"href":"https:\/\/infectionsmanaged.org\/es\/wp-json\/wp\/v2\/pages\/8691","targetHints":{"allow":["GET"]}}],"collection":[{"href":"https:\/\/infectionsmanaged.org\/es\/wp-json\/wp\/v2\/pages"}],"about":[{"href":"https:\/\/infectionsmanaged.org\/es\/wp-json\/wp\/v2\/types\/page"}],"author":[{"embeddable":true,"href":"https:\/\/infectionsmanaged.org\/es\/wp-json\/wp\/v2\/users\/3"}],"replies":[{"embeddable":true,"href":"https:\/\/infectionsmanaged.org\/es\/wp-json\/wp\/v2\/comments?post=8691"}],"version-history":[{"count":0,"href":"https:\/\/infectionsmanaged.org\/es\/wp-json\/wp\/v2\/pages\/8691\/revisions"}],"up":[{"embeddable":true,"href":"https:\/\/infectionsmanaged.org\/es\/wp-json\/wp\/v2\/pages\/8673"}],"wp:attachment":[{"href":"https:\/\/infectionsmanaged.org\/es\/wp-json\/wp\/v2\/media?parent=8691"}],"curies":[{"name":"wp","href":"https:\/\/api.w.org\/{rel}","templated":true}]}}