{"id":8686,"date":"2017-08-31T09:10:13","date_gmt":"2017-08-31T09:10:13","guid":{"rendered":"http:\/\/www.infectionsmanaged.com\/sobre-nosotros\/mission-statement\/"},"modified":"2021-12-22T18:56:08","modified_gmt":"2021-12-22T18:56:08","slug":"mision","status":"publish","type":"page","link":"https:\/\/infectionsmanaged.org\/es\/sobre-nosotros\/mision\/","title":{"rendered":"Misi\u00f3n"},"content":{"rendered":"\t\t<div data-elementor-type=\"wp-page\" data-elementor-id=\"8686\" class=\"elementor elementor-8686\" data-elementor-post-type=\"page\">\n\t\t\t\t\t\t<section class=\"elementor-section elementor-top-section elementor-element elementor-element-f28e7a2 elementor-section-boxed elementor-section-height-default elementor-section-height-default\" data-id=\"f28e7a2\" data-element_type=\"section\">\n\t\t\t\t\t\t<div class=\"elementor-container elementor-column-gap-default\">\n\t\t\t\t\t<div class=\"elementor-column elementor-col-100 elementor-top-column elementor-element elementor-element-29b75d6\" data-id=\"29b75d6\" data-element_type=\"column\">\n\t\t\t<div class=\"elementor-widget-wrap elementor-element-populated\">\n\t\t\t\t\t\t<div class=\"elementor-element elementor-element-03f7606 elementor-widget elementor-widget-heading\" data-id=\"03f7606\" data-element_type=\"widget\" data-widget_type=\"heading.default\">\n\t\t\t\t<div class=\"elementor-widget-container\">\n\t\t\t\t\t<h2 class=\"elementor-heading-title elementor-size-default\">Misi\u00f3n<\/h2>\t\t\t\t<\/div>\n\t\t\t\t<\/div>\n\t\t\t\t<div class=\"elementor-element elementor-element-8968682 elementor-widget-divider--view-line elementor-widget elementor-widget-divider\" data-id=\"8968682\" data-element_type=\"widget\" data-widget_type=\"divider.default\">\n\t\t\t\t<div class=\"elementor-widget-container\">\n\t\t\t\t\t\t\t<div class=\"elementor-divider\">\n\t\t\t<span class=\"elementor-divider-separator\">\n\t\t\t\t\t\t<\/span>\n\t\t<\/div>\n\t\t\t\t\t\t<\/div>\n\t\t\t\t<\/div>\n\t\t\t\t<div class=\"elementor-element elementor-element-aa4ffd1 elementor-widget elementor-widget-text-editor\" data-id=\"aa4ffd1\" data-element_type=\"widget\" data-widget_type=\"text-editor.default\">\n\t\t\t\t<div class=\"elementor-widget-container\">\n\t\t\t\t\t\t\t\t\t<div class=\"row \"><div id=\"wpv-column-843aeedc47653be1e1faef3ce623edd9\" class=\"wpv-grid grid-1-1  wpv-first-level first unextended\"><div class=\"row \"><div id=\"wpv-column-d812000e4def7fe4efc6fe62a5f15e2d\" class=\"wpv-grid grid-1-1 first unextended animation-from-left animated-active animation-ended\"><h2>Nuestra Misi\u00f3n<\/h2><p>Infections Managed, Inc. existe para brindar atenci\u00f3n actualizada, avanzada y compasiva de enfermedades infecciosas a quienes nos han sido confiados; respetando por igual a pacientes y empleados en el proceso.<\/p><div class=\"push\">\u00a0<\/div><h2>Nuestra Visi\u00f3n<\/h2><p>Infections Managed, Inc. se esfuerza por convertirse en la principal pr\u00e1ctica m\u00e9dica de enfermedades infecciosas en Fort Lauderdale y m\u00e1s all\u00e1: tecnol\u00f3gica, organizativa y empresarialmente; en todo momento, abrigando con un manto de cari\u00f1o y compasi\u00f3n a nuestros pacientes.<\/p><p>Una vez que establezcamos nuestra base, nos asociaremos estrat\u00e9gicamente con especialistas en el campo, as\u00ed como l\u00edderes empresariales, utilizando tecnolog\u00edas innovadoras que re\u00fanan servicios complementarios y herramientas de gesti\u00f3n para ofrecer a los pacientes una experiencia incomparable en su camino hacia la recuperaci\u00f3n.<\/p><p>Los pr\u00f3ximos paradigmas del cuidado de la salud demandar\u00e1n niveles sin precedentes de calidad, cuidado de costos y orientaci\u00f3n hacia los servicios a los que nos enfrentaremos de manera directa.<\/p><div class=\"push\">\u00a0<\/div><h2>Nuestros Valores<\/h2><p>Somos capaces de llevar adelante cualquier tarea con la que nos enfrentemos, y enfrentaremos cada situaci\u00f3n con determinaci\u00f3n inquebrantable.<\/p><p>En pocas palabras, nos preocupamos por usted y haremos todo lo posible para que usted, como paciente, se sienta c\u00f3modo, bien informado y educado sobre cualquier condici\u00f3n.<\/p><p>Somos compasivos y conocemos las pruebas que a la que la vida nos enfrenta.<\/p><p>Somos conscientes de los costos y tomamos las mejores decisiones sobre la salud de nuestros pacientes teniendo en cuenta sus finanzas.<\/p><p>Estamos a la vanguardia; usando la \u00faltima tecnolog\u00eda para mantenernos actualizados, y siempre buscando nuevas formas de mejorar nuestra pr\u00e1ctica.<\/p><\/div><\/div><\/div><\/div>\t\t\t\t\t\t\t\t<\/div>\n\t\t\t\t<\/div>\n\t\t\t\t\t<\/div>\n\t\t<\/div>\n\t\t\t\t\t<\/div>\n\t\t<\/section>\n\t\t\t\t<\/div>\n\t\t","protected":false},"excerpt":{"rendered":"<p>Misi\u00f3n Nuestra Misi\u00f3n Infections Managed, Inc. existe para brindar atenci\u00f3n actualizada, avanzada y compasiva de enfermedades infecciosas a quienes nos han sido confiados; respetando por igual a pacientes y empleados en el proceso. \u00a0 Nuestra Visi\u00f3n Infections Managed, Inc. se esfuerza por convertirse en la principal pr\u00e1ctica m\u00e9dica de enfermedades infecciosas en Fort Lauderdale y [&hellip;]<\/p>\n","protected":false},"author":3,"featured_media":0,"parent":8673,"menu_order":1,"comment_status":"closed","ping_status":"closed","template":"","meta":{"footnotes":""},"class_list":["post-8686","page","type-page","status-publish","hentry"],"yoast_head":"<!-- This site is optimized with the Yoast SEO plugin v26.9 - https:\/\/yoast.com\/product\/yoast-seo-wordpress\/ -->\n<title>Misi\u00f3n | Infections Managed<\/title>\n<meta name=\"robots\" content=\"index, follow, max-snippet:-1, max-image-preview:large, max-video-preview:-1\" \/>\n<link rel=\"canonical\" href=\"https:\/\/infectionsmanaged.org\/es\/sobre-nosotros\/mision\/\" \/>\n<meta property=\"og:locale\" content=\"es_ES\" \/>\n<meta property=\"og:type\" content=\"article\" \/>\n<meta property=\"og:title\" content=\"Misi\u00f3n | Infections Managed\" \/>\n<meta property=\"og:description\" content=\"Misi\u00f3n Nuestra Misi\u00f3n Infections Managed, Inc. existe para brindar atenci\u00f3n actualizada, avanzada y compasiva de enfermedades infecciosas a quienes nos han sido confiados; respetando por igual a pacientes y empleados en el proceso. \u00a0 Nuestra Visi\u00f3n Infections Managed, Inc. se esfuerza por convertirse en la principal pr\u00e1ctica m\u00e9dica de enfermedades infecciosas en Fort Lauderdale y [&hellip;]\" \/>\n<meta property=\"og:url\" content=\"https:\/\/infectionsmanaged.org\/es\/sobre-nosotros\/mision\/\" \/>\n<meta property=\"og:site_name\" content=\"Infections Managed\" \/>\n<meta property=\"article:publisher\" content=\"https:\/\/www.facebook.com\/infectionsmanaged\/\" \/>\n<meta property=\"article:modified_time\" content=\"2021-12-22T18:56:08+00:00\" \/>\n<meta name=\"twitter:card\" content=\"summary_large_image\" \/>\n<meta name=\"twitter:label1\" content=\"Tiempo de lectura\" \/>\n\t<meta name=\"twitter:data1\" content=\"2 minutos\" \/>\n<script type=\"application\/ld+json\" class=\"yoast-schema-graph\">{\"@context\":\"https:\/\/schema.org\",\"@graph\":[{\"@type\":\"WebPage\",\"@id\":\"https:\/\/infectionsmanaged.org\/es\/sobre-nosotros\/mision\/\",\"url\":\"https:\/\/infectionsmanaged.org\/es\/sobre-nosotros\/mision\/\",\"name\":\"Misi\u00f3n | Infections Managed\",\"isPartOf\":{\"@id\":\"https:\/\/infectionsmanaged.org\/#website\"},\"datePublished\":\"2017-08-31T09:10:13+00:00\",\"dateModified\":\"2021-12-22T18:56:08+00:00\",\"breadcrumb\":{\"@id\":\"https:\/\/infectionsmanaged.org\/es\/sobre-nosotros\/mision\/#breadcrumb\"},\"inLanguage\":\"es\",\"potentialAction\":[{\"@type\":\"ReadAction\",\"target\":[\"https:\/\/infectionsmanaged.org\/es\/sobre-nosotros\/mision\/\"]}]},{\"@type\":\"BreadcrumbList\",\"@id\":\"https:\/\/infectionsmanaged.org\/es\/sobre-nosotros\/mision\/#breadcrumb\",\"itemListElement\":[{\"@type\":\"ListItem\",\"position\":1,\"name\":\"Home\",\"item\":\"https:\/\/infectionsmanaged.org\/es\/\"},{\"@type\":\"ListItem\",\"position\":2,\"name\":\"Sobre Nosotros\",\"item\":\"https:\/\/infectionsmanaged.org\/es\/sobre-nosotros\/\"},{\"@type\":\"ListItem\",\"position\":3,\"name\":\"Misi\u00f3n\"}]},{\"@type\":\"WebSite\",\"@id\":\"https:\/\/infectionsmanaged.org\/#website\",\"url\":\"https:\/\/infectionsmanaged.org\/\",\"name\":\"Infections Managed\",\"description\":\"\",\"publisher\":{\"@id\":\"https:\/\/infectionsmanaged.org\/#organization\"},\"potentialAction\":[{\"@type\":\"SearchAction\",\"target\":{\"@type\":\"EntryPoint\",\"urlTemplate\":\"https:\/\/infectionsmanaged.org\/?s={search_term_string}\"},\"query-input\":{\"@type\":\"PropertyValueSpecification\",\"valueRequired\":true,\"valueName\":\"search_term_string\"}}],\"inLanguage\":\"es\"},{\"@type\":\"Organization\",\"@id\":\"https:\/\/infectionsmanaged.org\/#organization\",\"name\":\"Infections Managed\",\"url\":\"https:\/\/infectionsmanaged.org\/\",\"logo\":{\"@type\":\"ImageObject\",\"inLanguage\":\"es\",\"@id\":\"https:\/\/infectionsmanaged.org\/#\/schema\/logo\/image\/\",\"url\":\"https:\/\/infectionsmanaged.org\/wp-content\/uploads\/2017\/08\/logo-transp4.png\",\"contentUrl\":\"https:\/\/infectionsmanaged.org\/wp-content\/uploads\/2017\/08\/logo-transp4.png\",\"width\":450,\"height\":180,\"caption\":\"Infections Managed\"},\"image\":{\"@id\":\"https:\/\/infectionsmanaged.org\/#\/schema\/logo\/image\/\"},\"sameAs\":[\"https:\/\/www.facebook.com\/infectionsmanaged\/\",\"https:\/\/www.instagram.com\/drstephenrenae\/\",\"https:\/\/www.linkedin.com\/company\/infections-managed.-inc.\/\"]}]}<\/script>\n<!-- \/ Yoast SEO plugin. -->","yoast_head_json":{"title":"Misi\u00f3n | Infections Managed","robots":{"index":"index","follow":"follow","max-snippet":"max-snippet:-1","max-image-preview":"max-image-preview:large","max-video-preview":"max-video-preview:-1"},"canonical":"https:\/\/infectionsmanaged.org\/es\/sobre-nosotros\/mision\/","og_locale":"es_ES","og_type":"article","og_title":"Misi\u00f3n | Infections Managed","og_description":"Misi\u00f3n Nuestra Misi\u00f3n Infections Managed, Inc. existe para brindar atenci\u00f3n actualizada, avanzada y compasiva de enfermedades infecciosas a quienes nos han sido confiados; respetando por igual a pacientes y empleados en el proceso. \u00a0 Nuestra Visi\u00f3n Infections Managed, Inc. se esfuerza por convertirse en la principal pr\u00e1ctica m\u00e9dica de enfermedades infecciosas en Fort Lauderdale y [&hellip;]","og_url":"https:\/\/infectionsmanaged.org\/es\/sobre-nosotros\/mision\/","og_site_name":"Infections Managed","article_publisher":"https:\/\/www.facebook.com\/infectionsmanaged\/","article_modified_time":"2021-12-22T18:56:08+00:00","twitter_card":"summary_large_image","twitter_misc":{"Tiempo de lectura":"2 minutos"},"schema":{"@context":"https:\/\/schema.org","@graph":[{"@type":"WebPage","@id":"https:\/\/infectionsmanaged.org\/es\/sobre-nosotros\/mision\/","url":"https:\/\/infectionsmanaged.org\/es\/sobre-nosotros\/mision\/","name":"Misi\u00f3n | Infections Managed","isPartOf":{"@id":"https:\/\/infectionsmanaged.org\/#website"},"datePublished":"2017-08-31T09:10:13+00:00","dateModified":"2021-12-22T18:56:08+00:00","breadcrumb":{"@id":"https:\/\/infectionsmanaged.org\/es\/sobre-nosotros\/mision\/#breadcrumb"},"inLanguage":"es","potentialAction":[{"@type":"ReadAction","target":["https:\/\/infectionsmanaged.org\/es\/sobre-nosotros\/mision\/"]}]},{"@type":"BreadcrumbList","@id":"https:\/\/infectionsmanaged.org\/es\/sobre-nosotros\/mision\/#breadcrumb","itemListElement":[{"@type":"ListItem","position":1,"name":"Home","item":"https:\/\/infectionsmanaged.org\/es\/"},{"@type":"ListItem","position":2,"name":"Sobre Nosotros","item":"https:\/\/infectionsmanaged.org\/es\/sobre-nosotros\/"},{"@type":"ListItem","position":3,"name":"Misi\u00f3n"}]},{"@type":"WebSite","@id":"https:\/\/infectionsmanaged.org\/#website","url":"https:\/\/infectionsmanaged.org\/","name":"Infections Managed","description":"","publisher":{"@id":"https:\/\/infectionsmanaged.org\/#organization"},"potentialAction":[{"@type":"SearchAction","target":{"@type":"EntryPoint","urlTemplate":"https:\/\/infectionsmanaged.org\/?s={search_term_string}"},"query-input":{"@type":"PropertyValueSpecification","valueRequired":true,"valueName":"search_term_string"}}],"inLanguage":"es"},{"@type":"Organization","@id":"https:\/\/infectionsmanaged.org\/#organization","name":"Infections Managed","url":"https:\/\/infectionsmanaged.org\/","logo":{"@type":"ImageObject","inLanguage":"es","@id":"https:\/\/infectionsmanaged.org\/#\/schema\/logo\/image\/","url":"https:\/\/infectionsmanaged.org\/wp-content\/uploads\/2017\/08\/logo-transp4.png","contentUrl":"https:\/\/infectionsmanaged.org\/wp-content\/uploads\/2017\/08\/logo-transp4.png","width":450,"height":180,"caption":"Infections Managed"},"image":{"@id":"https:\/\/infectionsmanaged.org\/#\/schema\/logo\/image\/"},"sameAs":["https:\/\/www.facebook.com\/infectionsmanaged\/","https:\/\/www.instagram.com\/drstephenrenae\/","https:\/\/www.linkedin.com\/company\/infections-managed.-inc.\/"]}]}},"_links":{"self":[{"href":"https:\/\/infectionsmanaged.org\/es\/wp-json\/wp\/v2\/pages\/8686","targetHints":{"allow":["GET"]}}],"collection":[{"href":"https:\/\/infectionsmanaged.org\/es\/wp-json\/wp\/v2\/pages"}],"about":[{"href":"https:\/\/infectionsmanaged.org\/es\/wp-json\/wp\/v2\/types\/page"}],"author":[{"embeddable":true,"href":"https:\/\/infectionsmanaged.org\/es\/wp-json\/wp\/v2\/users\/3"}],"replies":[{"embeddable":true,"href":"https:\/\/infectionsmanaged.org\/es\/wp-json\/wp\/v2\/comments?post=8686"}],"version-history":[{"count":0,"href":"https:\/\/infectionsmanaged.org\/es\/wp-json\/wp\/v2\/pages\/8686\/revisions"}],"up":[{"embeddable":true,"href":"https:\/\/infectionsmanaged.org\/es\/wp-json\/wp\/v2\/pages\/8673"}],"wp:attachment":[{"href":"https:\/\/infectionsmanaged.org\/es\/wp-json\/wp\/v2\/media?parent=8686"}],"curies":[{"name":"wp","href":"https:\/\/api.w.org\/{rel}","templated":true}]}}