{"id":8673,"date":"2017-08-31T08:59:48","date_gmt":"2017-08-31T08:59:48","guid":{"rendered":"http:\/\/www.infectionsmanaged.com\/about-us\/"},"modified":"2021-12-22T18:53:47","modified_gmt":"2021-12-22T18:53:47","slug":"sobre-nosotros","status":"publish","type":"page","link":"https:\/\/infectionsmanaged.org\/es\/sobre-nosotros\/","title":{"rendered":"Sobre Nosotros"},"content":{"rendered":"\t\t<div data-elementor-type=\"wp-page\" data-elementor-id=\"8673\" class=\"elementor elementor-8673\" data-elementor-post-type=\"page\">\n\t\t\t\t\t\t<section class=\"elementor-section elementor-top-section elementor-element elementor-element-5172f18 elementor-section-boxed elementor-section-height-default elementor-section-height-default\" data-id=\"5172f18\" data-element_type=\"section\">\n\t\t\t\t\t\t<div class=\"elementor-container elementor-column-gap-default\">\n\t\t\t\t\t<div class=\"elementor-column elementor-col-100 elementor-top-column elementor-element elementor-element-1a02330\" data-id=\"1a02330\" data-element_type=\"column\">\n\t\t\t<div class=\"elementor-widget-wrap elementor-element-populated\">\n\t\t\t\t\t\t<div class=\"elementor-element elementor-element-96cdfdc elementor-widget elementor-widget-heading\" data-id=\"96cdfdc\" data-element_type=\"widget\" data-widget_type=\"heading.default\">\n\t\t\t\t<div class=\"elementor-widget-container\">\n\t\t\t\t\t<h2 class=\"elementor-heading-title elementor-size-default\">Sobre Nosotros<\/h2>\t\t\t\t<\/div>\n\t\t\t\t<\/div>\n\t\t\t\t<div class=\"elementor-element elementor-element-f0f6d6c elementor-widget-divider--view-line elementor-widget elementor-widget-divider\" data-id=\"f0f6d6c\" data-element_type=\"widget\" data-widget_type=\"divider.default\">\n\t\t\t\t<div class=\"elementor-widget-container\">\n\t\t\t\t\t\t\t<div class=\"elementor-divider\">\n\t\t\t<span class=\"elementor-divider-separator\">\n\t\t\t\t\t\t<\/span>\n\t\t<\/div>\n\t\t\t\t\t\t<\/div>\n\t\t\t\t<\/div>\n\t\t\t\t<div class=\"elementor-element elementor-element-717e93f elementor-widget elementor-widget-text-editor\" data-id=\"717e93f\" data-element_type=\"widget\" data-widget_type=\"text-editor.default\">\n\t\t\t\t<div class=\"elementor-widget-container\">\n\t\t\t\t\t\t\t\t\t<h2>Somos personas compasivas inspiradas por el cuidado colaborativo de la salud.<\/h2><div class=\"push\">\u00a0<\/div><p>En Infections Managed Inc compartimos un mismo prop\u00f3sito: sanar, ense\u00f1ar y generar avances en medicina. Somos colaboradores compasivos trabajando para brindar a sus pacientes la mejor atenci\u00f3n posible en Florida y el resto del mundo.<\/p><div class=\"push\">\u00a0<\/div><h2>En qu\u00e9 creemos.<\/h2><p>Creemos en desafiar el status quo. Forjar un nuevo rumbo en excelencia cl\u00ednica s\u00f3lo es posible cuando se sit\u00faa al paciente en el centro de la experiencia.<\/p><p>En el momento en que ingrese, ser\u00e1 recibido por nuestro cordial y compasivo personal.<\/p><p>Damos un enfoque hol\u00edstico a nuestros tratamientos, es decir que no s\u00f3lo nos preocupamos por curar la enfermedad, sino tambi\u00e9n a la persona a la que afecta. Consideramos a la persona como un todo \u2013 cuerpo, mente, esp\u00edritu y emociones \u2013 en la b\u00fasqueda de una salud y bienestar \u00f3ptimos. Visite nuestro sitio web y ll\u00e1menos o env\u00ede un correo electr\u00f3nico si tiene alguna pregunta.<\/p><p><em>Gracias por su tiempo!<\/em><\/p>\t\t\t\t\t\t\t\t<\/div>\n\t\t\t\t<\/div>\n\t\t\t\t\t<\/div>\n\t\t<\/div>\n\t\t\t\t\t<\/div>\n\t\t<\/section>\n\t\t\t\t<\/div>\n\t\t","protected":false},"excerpt":{"rendered":"<p>Sobre Nosotros Somos personas compasivas inspiradas por el cuidado colaborativo de la salud. \u00a0 En Infections Managed Inc compartimos un mismo prop\u00f3sito: sanar, ense\u00f1ar y generar avances en medicina. Somos colaboradores compasivos trabajando para brindar a sus pacientes la mejor atenci\u00f3n posible en Florida y el resto del mundo. \u00a0 En qu\u00e9 creemos. Creemos en [&hellip;]<\/p>\n","protected":false},"author":3,"featured_media":0,"parent":0,"menu_order":1,"comment_status":"closed","ping_status":"closed","template":"","meta":{"footnotes":""},"class_list":["post-8673","page","type-page","status-publish","hentry"],"yoast_head":"<!-- This site is optimized with the Yoast SEO plugin v26.9 - https:\/\/yoast.com\/product\/yoast-seo-wordpress\/ -->\n<title>Sobre Nosotros | Infections Managed<\/title>\n<meta name=\"robots\" content=\"index, follow, max-snippet:-1, max-image-preview:large, max-video-preview:-1\" \/>\n<link rel=\"canonical\" href=\"https:\/\/infectionsmanaged.org\/es\/sobre-nosotros\/\" \/>\n<meta property=\"og:locale\" content=\"es_ES\" \/>\n<meta property=\"og:type\" content=\"article\" \/>\n<meta property=\"og:title\" content=\"Sobre Nosotros | Infections Managed\" \/>\n<meta property=\"og:description\" content=\"Sobre Nosotros Somos personas compasivas inspiradas por el cuidado colaborativo de la salud. \u00a0 En Infections Managed Inc compartimos un mismo prop\u00f3sito: sanar, ense\u00f1ar y generar avances en medicina. Somos colaboradores compasivos trabajando para brindar a sus pacientes la mejor atenci\u00f3n posible en Florida y el resto del mundo. \u00a0 En qu\u00e9 creemos. Creemos en [&hellip;]\" \/>\n<meta property=\"og:url\" content=\"https:\/\/infectionsmanaged.org\/es\/sobre-nosotros\/\" \/>\n<meta property=\"og:site_name\" content=\"Infections Managed\" \/>\n<meta property=\"article:publisher\" content=\"https:\/\/www.facebook.com\/infectionsmanaged\/\" \/>\n<meta property=\"article:modified_time\" content=\"2021-12-22T18:53:47+00:00\" \/>\n<meta name=\"twitter:card\" content=\"summary_large_image\" \/>\n<meta name=\"twitter:label1\" content=\"Tiempo de lectura\" \/>\n\t<meta name=\"twitter:data1\" content=\"1 minuto\" \/>\n<script type=\"application\/ld+json\" class=\"yoast-schema-graph\">{\"@context\":\"https:\/\/schema.org\",\"@graph\":[{\"@type\":\"WebPage\",\"@id\":\"https:\/\/infectionsmanaged.org\/es\/sobre-nosotros\/\",\"url\":\"https:\/\/infectionsmanaged.org\/es\/sobre-nosotros\/\",\"name\":\"Sobre Nosotros | Infections Managed\",\"isPartOf\":{\"@id\":\"https:\/\/infectionsmanaged.org\/#website\"},\"datePublished\":\"2017-08-31T08:59:48+00:00\",\"dateModified\":\"2021-12-22T18:53:47+00:00\",\"breadcrumb\":{\"@id\":\"https:\/\/infectionsmanaged.org\/es\/sobre-nosotros\/#breadcrumb\"},\"inLanguage\":\"es\",\"potentialAction\":[{\"@type\":\"ReadAction\",\"target\":[\"https:\/\/infectionsmanaged.org\/es\/sobre-nosotros\/\"]}]},{\"@type\":\"BreadcrumbList\",\"@id\":\"https:\/\/infectionsmanaged.org\/es\/sobre-nosotros\/#breadcrumb\",\"itemListElement\":[{\"@type\":\"ListItem\",\"position\":1,\"name\":\"Home\",\"item\":\"https:\/\/infectionsmanaged.org\/es\/\"},{\"@type\":\"ListItem\",\"position\":2,\"name\":\"Sobre Nosotros\"}]},{\"@type\":\"WebSite\",\"@id\":\"https:\/\/infectionsmanaged.org\/#website\",\"url\":\"https:\/\/infectionsmanaged.org\/\",\"name\":\"Infections Managed\",\"description\":\"\",\"publisher\":{\"@id\":\"https:\/\/infectionsmanaged.org\/#organization\"},\"potentialAction\":[{\"@type\":\"SearchAction\",\"target\":{\"@type\":\"EntryPoint\",\"urlTemplate\":\"https:\/\/infectionsmanaged.org\/?s={search_term_string}\"},\"query-input\":{\"@type\":\"PropertyValueSpecification\",\"valueRequired\":true,\"valueName\":\"search_term_string\"}}],\"inLanguage\":\"es\"},{\"@type\":\"Organization\",\"@id\":\"https:\/\/infectionsmanaged.org\/#organization\",\"name\":\"Infections Managed\",\"url\":\"https:\/\/infectionsmanaged.org\/\",\"logo\":{\"@type\":\"ImageObject\",\"inLanguage\":\"es\",\"@id\":\"https:\/\/infectionsmanaged.org\/#\/schema\/logo\/image\/\",\"url\":\"https:\/\/infectionsmanaged.org\/wp-content\/uploads\/2017\/08\/logo-transp4.png\",\"contentUrl\":\"https:\/\/infectionsmanaged.org\/wp-content\/uploads\/2017\/08\/logo-transp4.png\",\"width\":450,\"height\":180,\"caption\":\"Infections Managed\"},\"image\":{\"@id\":\"https:\/\/infectionsmanaged.org\/#\/schema\/logo\/image\/\"},\"sameAs\":[\"https:\/\/www.facebook.com\/infectionsmanaged\/\",\"https:\/\/www.instagram.com\/drstephenrenae\/\",\"https:\/\/www.linkedin.com\/company\/infections-managed.-inc.\/\"]}]}<\/script>\n<!-- \/ Yoast SEO plugin. -->","yoast_head_json":{"title":"Sobre Nosotros | Infections Managed","robots":{"index":"index","follow":"follow","max-snippet":"max-snippet:-1","max-image-preview":"max-image-preview:large","max-video-preview":"max-video-preview:-1"},"canonical":"https:\/\/infectionsmanaged.org\/es\/sobre-nosotros\/","og_locale":"es_ES","og_type":"article","og_title":"Sobre Nosotros | Infections Managed","og_description":"Sobre Nosotros Somos personas compasivas inspiradas por el cuidado colaborativo de la salud. \u00a0 En Infections Managed Inc compartimos un mismo prop\u00f3sito: sanar, ense\u00f1ar y generar avances en medicina. Somos colaboradores compasivos trabajando para brindar a sus pacientes la mejor atenci\u00f3n posible en Florida y el resto del mundo. \u00a0 En qu\u00e9 creemos. Creemos en [&hellip;]","og_url":"https:\/\/infectionsmanaged.org\/es\/sobre-nosotros\/","og_site_name":"Infections Managed","article_publisher":"https:\/\/www.facebook.com\/infectionsmanaged\/","article_modified_time":"2021-12-22T18:53:47+00:00","twitter_card":"summary_large_image","twitter_misc":{"Tiempo de lectura":"1 minuto"},"schema":{"@context":"https:\/\/schema.org","@graph":[{"@type":"WebPage","@id":"https:\/\/infectionsmanaged.org\/es\/sobre-nosotros\/","url":"https:\/\/infectionsmanaged.org\/es\/sobre-nosotros\/","name":"Sobre Nosotros | Infections Managed","isPartOf":{"@id":"https:\/\/infectionsmanaged.org\/#website"},"datePublished":"2017-08-31T08:59:48+00:00","dateModified":"2021-12-22T18:53:47+00:00","breadcrumb":{"@id":"https:\/\/infectionsmanaged.org\/es\/sobre-nosotros\/#breadcrumb"},"inLanguage":"es","potentialAction":[{"@type":"ReadAction","target":["https:\/\/infectionsmanaged.org\/es\/sobre-nosotros\/"]}]},{"@type":"BreadcrumbList","@id":"https:\/\/infectionsmanaged.org\/es\/sobre-nosotros\/#breadcrumb","itemListElement":[{"@type":"ListItem","position":1,"name":"Home","item":"https:\/\/infectionsmanaged.org\/es\/"},{"@type":"ListItem","position":2,"name":"Sobre Nosotros"}]},{"@type":"WebSite","@id":"https:\/\/infectionsmanaged.org\/#website","url":"https:\/\/infectionsmanaged.org\/","name":"Infections Managed","description":"","publisher":{"@id":"https:\/\/infectionsmanaged.org\/#organization"},"potentialAction":[{"@type":"SearchAction","target":{"@type":"EntryPoint","urlTemplate":"https:\/\/infectionsmanaged.org\/?s={search_term_string}"},"query-input":{"@type":"PropertyValueSpecification","valueRequired":true,"valueName":"search_term_string"}}],"inLanguage":"es"},{"@type":"Organization","@id":"https:\/\/infectionsmanaged.org\/#organization","name":"Infections Managed","url":"https:\/\/infectionsmanaged.org\/","logo":{"@type":"ImageObject","inLanguage":"es","@id":"https:\/\/infectionsmanaged.org\/#\/schema\/logo\/image\/","url":"https:\/\/infectionsmanaged.org\/wp-content\/uploads\/2017\/08\/logo-transp4.png","contentUrl":"https:\/\/infectionsmanaged.org\/wp-content\/uploads\/2017\/08\/logo-transp4.png","width":450,"height":180,"caption":"Infections Managed"},"image":{"@id":"https:\/\/infectionsmanaged.org\/#\/schema\/logo\/image\/"},"sameAs":["https:\/\/www.facebook.com\/infectionsmanaged\/","https:\/\/www.instagram.com\/drstephenrenae\/","https:\/\/www.linkedin.com\/company\/infections-managed.-inc.\/"]}]}},"_links":{"self":[{"href":"https:\/\/infectionsmanaged.org\/es\/wp-json\/wp\/v2\/pages\/8673","targetHints":{"allow":["GET"]}}],"collection":[{"href":"https:\/\/infectionsmanaged.org\/es\/wp-json\/wp\/v2\/pages"}],"about":[{"href":"https:\/\/infectionsmanaged.org\/es\/wp-json\/wp\/v2\/types\/page"}],"author":[{"embeddable":true,"href":"https:\/\/infectionsmanaged.org\/es\/wp-json\/wp\/v2\/users\/3"}],"replies":[{"embeddable":true,"href":"https:\/\/infectionsmanaged.org\/es\/wp-json\/wp\/v2\/comments?post=8673"}],"version-history":[{"count":0,"href":"https:\/\/infectionsmanaged.org\/es\/wp-json\/wp\/v2\/pages\/8673\/revisions"}],"wp:attachment":[{"href":"https:\/\/infectionsmanaged.org\/es\/wp-json\/wp\/v2\/media?parent=8673"}],"curies":[{"name":"wp","href":"https:\/\/api.w.org\/{rel}","templated":true}]}}